{"id":9771,"date":"2026-01-20T09:07:06","date_gmt":"2026-01-20T09:07:06","guid":{"rendered":"https:\/\/stratum-horst.makkerspreview.nl\/vermietung\/transformatoren\/"},"modified":"2026-05-08T13:29:28","modified_gmt":"2026-05-08T13:29:28","slug":"transformatoren","status":"publish","type":"page","link":"https:\/\/stratum-horst.makkerspreview.nl\/de\/vermietung\/transformatoren\/","title":{"rendered":"Transformatoren"},"content":{"rendered":"<div class=\"et_pb_section_0 et_pb_section et_section_regular et_flex_section\">\n<div class=\"et_pb_row_0 et_pb_row et_flex_row\">\n<div class=\"et_pb_column_0 et_pb_column et_flex_column et_pb_css_mix_blend_mode_passthrough et_flex_column_2_5 et_flex_column_2_5_tablet et_flex_column_24_24_phone\">\n<div class=\"et_pb_text_0 et_pb_text et_pb_bg_layout_light et_pb_module et_block_module\"><div class=\"et_pb_text_inner\"><h1>Vermietung von Transformatoren<\/h1>\n<\/div><\/div>\n\n<div class=\"et_pb_module et_pb_button_module_wrapper et_pb_button_0_wrapper\"><a class=\"et_pb_button_0 et_pb_button et_pb_bg_layout_light et_pb_module et_block_module side-by-side-2\" href=\"#techspecs\">Technische Spezifikationen<\/a><\/div>\n<\/div>\n\n<div class=\"et_pb_column_1 et_pb_column et-last-child et_flex_column et_pb_css_mix_blend_mode_passthrough et_flex_column_2_5 et_flex_column_2_5_tablet et_flex_column_24_24_phone\">\n<div class=\"et_pb_blurb_0 et_pb_blurb et_pb_bg_layout_light et_pb_blurb_position_left et_pb_module et_block_module\"><div class=\"et_pb_blurb_content\"><div class=\"et_pb_main_blurb_image\"><span class=\"et_pb_image_wrap\"><span class=\"et-pb-icon et-waypoint et_pb_animation_top et_pb_animation_top_tablet et_pb_animation_top_phone\">\uf00c<\/span><\/span><\/div><div class=\"et_pb_blurb_container\"><h4 class=\"et_pb_module_header\">Immer die richtige Spannung und ein zuverl\u00e4ssiger Anschluss<\/h4><\/div><\/div><\/div>\n\n<div class=\"et_pb_blurb_1 et_pb_blurb et_pb_bg_layout_light et_pb_blurb_position_left et_pb_module et_block_module\"><div class=\"et_pb_blurb_content\"><div class=\"et_pb_main_blurb_image\"><span class=\"et_pb_image_wrap\"><span class=\"et-pb-icon et-waypoint et_pb_animation_top et_pb_animation_top_tablet et_pb_animation_top_phone\">\uf00c<\/span><\/span><\/div><div class=\"et_pb_blurb_container\"><h4 class=\"et_pb_module_header\">Vom Testeinsatz \u00fcber tempor\u00e4re Anschl\u00fcsse bis hin zu gro\u00dfen Projekten<\/h4><\/div><\/div><\/div>\n\n<div class=\"et_pb_blurb_2 et_pb_blurb et_pb_bg_layout_light et_pb_blurb_position_left et_pb_module et_block_module\"><div class=\"et_pb_blurb_content\"><div class=\"et_pb_main_blurb_image\"><span class=\"et_pb_image_wrap\"><span class=\"et-pb-icon et-waypoint et_pb_animation_top et_pb_animation_top_tablet et_pb_animation_top_phone\">\uf00c<\/span><\/span><\/div><div class=\"et_pb_blurb_container\"><h4 class=\"et_pb_module_header\">Nachhaltigere Alternative zu Stromaggregaten<\/h4><\/div><\/div><\/div>\n<\/div>\n<\/div>\n<\/div>\n\n<div class=\"et_pb_section_1 et_pb_section et_section_regular et_block_section\">\n<div class=\"et_pb_row_1 et_pb_row et_flex_row\">\n<div class=\"et_pb_column_2 et_pb_column et_flex_column et_pb_css_mix_blend_mode_passthrough et_flex_column_12_24 et_flex_column_12_24_tablet et_flex_column_24_24_phone\">\n<div class=\"et_pb_text_1 et_pb_text et_pb_bg_layout_light et_pb_module et_block_module\"><div class=\"et_pb_text_inner\"><p>Mit unserem Sortiment an Transformatoren stellen wir jederzeit die passende Spannung und einen zuverl\u00e4ssigen Anschluss sicher. Unsere Transformatoren kommen in unterschiedlichsten Anwendungen zum Einsatz: von Testeins\u00e4tzen und tempor\u00e4ren Anschl\u00fcssen bis hin zu gro\u00df angelegten industriellen Anwendungen und Veranstaltungen.<\/p>\n<\/div><\/div>\n\n<div class=\"et_pb_text_2 et_pb_text et_pb_bg_layout_light et_pb_module et_block_module\"><div class=\"et_pb_text_inner\"><p>Ob es um Tests, tempor\u00e4re L\u00f6sungen oder kritische industrielle Prozesse geht: Transformatoren sorgen f\u00fcr eine sichere und zuverl\u00e4ssige Stromversorgung. Zum Beispiel:<\/p>\n<ul>\n<li>Testen von Maschinen und Anlagen mit abweichenden Spannungen<\/li>\n<li>\n<p data-start=\"722\" data-end=\"785\">Tempor\u00e4re Baustromversorgung \u00fcber das Stromnetz<\/p>\n<\/li>\n<li>Industrielle Anwendungen, bei denen eine Trafostation tempor\u00e4r in das eigene Netz eingebunden wird<\/li>\n<li>Veranstaltungen, bei denen Trafocontainer an das Netz angeschlossen werden<\/li>\n<li>Einsatz als Trenntransformator bei Frequenzumrichtern und leistungsstarken Elektromotoren<\/li>\n<\/ul>\n<\/div><\/div>\n<\/div>\n\n<div class=\"et_pb_column_3 et_pb_column et-last-child et_flex_column et_pb_css_mix_blend_mode_passthrough et_flex_column_12_24 et_flex_column_12_24_tablet et_flex_column_24_24_phone\">\n<div class=\"et_pb_image_0 et_pb_image et_pb_module et_flex_module\"><span class=\"et_pb_image_wrap\"><img loading=\"lazy\" decoding=\"async\" src=\"https:\/\/stratum-horst.makkerspreview.nl\/wp-content\/uploads\/2026\/03\/Transformator-6300-kVA.jpg\" title=\"Transformator 6300 kVA\" width=\"1200\" height=\"800\" srcset=\"https:\/\/stratum-horst.makkerspreview.nl\/wp-content\/uploads\/2026\/03\/Transformator-6300-kVA.jpg 1200w, https:\/\/stratum-horst.makkerspreview.nl\/wp-content\/uploads\/2026\/03\/Transformator-6300-kVA-980x653.jpg 980w, https:\/\/stratum-horst.makkerspreview.nl\/wp-content\/uploads\/2026\/03\/Transformator-6300-kVA-480x320.jpg 480w\" sizes=\"(min-width: 0px) and (max-width: 480px) 480px, (min-width: 481px) and (max-width: 980px) 980px, (min-width: 981px) 1200px, 100vw\" class=\"wp-image-9533\" \/><\/span><\/div>\n<\/div>\n<\/div>\n<\/div>\n\n<div class=\"et_pb_section_2 et_pb_section et_section_regular et_block_section\">\n<div class=\"et_pb_row_2 et_pb_row et_flex_row\">\n<div class=\"et_pb_column_4 et_pb_column et_flex_column et_pb_css_mix_blend_mode_passthrough et_flex_column_24_24 et_flex_column_24_24_tablet et_flex_column_24_24_phone vcenter\">\n<div class=\"et_pb_image_1 et_pb_image et_pb_module et_block_module\"><span class=\"et_pb_image_wrap\"><img loading=\"lazy\" decoding=\"async\" src=\"https:\/\/stratum-horst.makkerspreview.nl\/wp-content\/uploads\/2026\/02\/afb-transformatoren.jpg\" title=\"afb transformatoren\" width=\"900\" height=\"850\" srcset=\"https:\/\/stratum-horst.makkerspreview.nl\/wp-content\/uploads\/2026\/02\/afb-transformatoren.jpg 900w, https:\/\/stratum-horst.makkerspreview.nl\/wp-content\/uploads\/2026\/02\/afb-transformatoren-480x453.jpg 480w\" sizes=\"(min-width: 0px) and (max-width: 480px) 480px, (min-width: 481px) 900px, 100vw\" class=\"wp-image-8953\" \/><\/span><\/div>\n<\/div>\n\n<div class=\"et_pb_column_5 et_pb_column et-last-child et_flex_column et_pb_css_mix_blend_mode_passthrough et_flex_column_24_24 et_flex_column_24_24_tablet et_flex_column_24_24_phone\">\n<div class=\"et_pb_text_3 et_pb_text et_pb_bg_layout_light et_pb_module et_block_module\"><div class=\"et_pb_text_inner\"><h2>Niederspannungstransformatoren<\/h2>\n<p data-start=\"1035\" data-end=\"1192\">Ein Niederspannungstransformator erm\u00f6glicht es, Spannungen im Bereich von 100 bis 1000 Volt zu senken, zu erh\u00f6hen oder galvanisch zu trennen. So k\u00f6nnen Ger\u00e4te und Anlagen sicher betrieben werden, auch wenn sie eine andere Spannung ben\u00f6tigen als die vor Ort verf\u00fcgbare Netzspannung.<\/p>\n<p>Wir verf\u00fcgen sowohl \u00fcber Spartransformatoren (zur effizienten Anpassung von Spannungen) als auch \u00fcber Trenntransformatoren (f\u00fcr zus\u00e4tzliche Sicherheit durch galvanische Trennung). Diese Transformatoren eignen sich ideal zum Testen von Maschinen und Anlagen oder als Trenntransformatoren f\u00fcr Frequenzumrichter und leistungsstarke Elektromotoren.<\/p>\n<p>\u2714 Spannung von 100 bis 1000 V<br \/>\u2714 Geeignet zum Testen von Anlagen mit abweichender Spannung<br \/>\u2714 Zus\u00e4tzliche Sicherheit durch galvanische Trennung<\/p>\n<p><span><\/span><\/p>\n<\/div><\/div>\n<\/div>\n<\/div>\n<\/div>\n\n<div class=\"et_pb_section_3 et_pb_section et_section_regular et_block_section\"><\/div>\n\n<div class=\"et_pb_section_4 et_pb_section et_section_regular et_flex_section\">\n<div class=\"et_pb_row_3 et_pb_row et_flex_row\">\n<div class=\"et_pb_column_6 et_pb_column et_flex_column et_pb_css_mix_blend_mode_passthrough et_flex_column_12_24 et_flex_column_12_24_tablet et_flex_column_24_24_phone\">\n<div class=\"et_pb_text_4 et_pb_text et_pb_bg_layout_light et_pb_module et_block_module\"><div class=\"et_pb_text_inner\" data-et-mv-hidden-tablet=\"true\"><h2><span style=\"color: #ff6600;\">Mittelspannungstransformatoren<\/span><\/h2>\n<p>Mittelspannungstransformatoren werden eingesetzt, wenn eine Anbindung an das bestehende Netz erforderlich ist oder wenn ein eigenes Netz aufgebaut werden soll. Sie arbeiten im Bereich von 1 bis 36 kV und k\u00f6nnen Leistungen bis zu 8 MVA bereitstellen. So lassen sich Anlagen oder komplette Netzwerke tempor\u00e4r zuverl\u00e4ssig mit ausreichend Strom versorgen.<\/p>\n<p data-start=\"2781\" data-end=\"2902\">Diese Transformatoren erh\u00f6hen (Step-up) oder reduzieren (Step-down) die Spannung, je nach Bedarf vor Ort. So stellen wir sicher, dass der Anschluss immer zur Anlage oder zum Netz passt.<\/p>\n<p data-start=\"3114\" data-end=\"3255\">Wir liefern mobile Transformatoren, vollst\u00e4ndig in Container integriert, mit eingebauter Absicherung, Verteilung und Messung. Dadurch sind sie sofort einsatzbereit f\u00fcr tempor\u00e4re Baustromversorgung, industrielle Netze und Veranstaltungen.<\/p>\n<p>\u2714 Spannungsbereich von 1 bis 36 kV<br \/>\u2714 Step-up oder Step-down<br \/>\u2714 Sofort einsatzbereit<\/p>\n<\/div><\/div>\n<\/div>\n\n<div class=\"et_pb_column_7 et_pb_column et-last-child et_flex_column et_pb_css_mix_blend_mode_passthrough et_flex_column_12_24 et_flex_column_12_24_tablet et_flex_column_24_24_phone\">\n<div class=\"et_pb_image_2 et_pb_image et_pb_module et_flex_module\"><span class=\"et_pb_image_wrap\"><img loading=\"lazy\" decoding=\"async\" src=\"https:\/\/stratum-horst.makkerspreview.nl\/wp-content\/uploads\/2026\/03\/Van-Stratum-Transformator.jpg\" title=\"Van Stratum - Transformator\" width=\"1200\" height=\"1200\" srcset=\"https:\/\/stratum-horst.makkerspreview.nl\/wp-content\/uploads\/2026\/03\/Van-Stratum-Transformator.jpg 1200w, https:\/\/stratum-horst.makkerspreview.nl\/wp-content\/uploads\/2026\/03\/Van-Stratum-Transformator-980x980.jpg 980w, https:\/\/stratum-horst.makkerspreview.nl\/wp-content\/uploads\/2026\/03\/Van-Stratum-Transformator-480x480.jpg 480w\" sizes=\"(min-width: 0px) and (max-width: 480px) 480px, (min-width: 481px) and (max-width: 980px) 980px, (min-width: 981px) 1200px, 100vw\" class=\"wp-image-9623\" \/><\/span><\/div>\n<\/div>\n<\/div>\n<\/div>\n\n<div class=\"et_pb_section_5 et_pb_section et_section_regular et_block_section\" id=\"techspecs\">\n<div class=\"et_pb_row_4 et_pb_row et_flex_row\">\n<div class=\"et_pb_column_8 et_pb_column et-last-child et_flex_column et_pb_css_mix_blend_mode_passthrough et_flex_column_24_24 et_flex_column_24_24_tablet et_flex_column_24_24_phone\">\n<div class=\"et_pb_text_5 et_pb_text et_pb_bg_layout_light et_pb_module et_flex_module\"><div class=\"et_pb_text_inner\"><h2 style=\"text-align: center;\"><span style=\"color: #ff6600;\">Technische Spezifikationen im \u00dcberblick<\/span><\/h2>\n<p style=\"text-align: center;\"><span style=\"color: #000000;\">Die folgenden Angaben geben einen guten \u00dcberblick \u00fcber die M\u00f6glichkeiten.<\/span><br \/><span style=\"color: #000000;\">Gemeinsam bestimmen wir die passende Ausf\u00fchrung f\u00fcr Ihr Projekt.<\/span><\/p>\n<\/div><\/div>\n<\/div>\n<\/div>\n<\/div>\n\n<div class=\"et_pb_section_6 et_pb_section et_section_regular et_block_section\">\n<div class=\"et_pb_row_5 et_pb_row et_flex_row\">\n<div class=\"et_pb_column_9 et_pb_column et_flex_column et_pb_css_mix_blend_mode_passthrough et_flex_column_24_24 et_flex_column_24_24_tablet et_flex_column_24_24_phone\">\n<div class=\"et_pb_blurb_3 et_pb_blurb et_pb_bg_layout_light et_pb_blurb_position_left et_pb_module et_block_module\"><div class=\"et_pb_blurb_content\"><div class=\"et_pb_main_blurb_image\"><span class=\"et_pb_image_wrap\"><span class=\"et-pb-icon et-waypoint et_pb_animation_top et_pb_animation_top_tablet et_pb_animation_top_phone\">\uf00c<\/span><\/span><\/div><div class=\"et_pb_blurb_container\"><h4 class=\"et_pb_module_header\">Leistung<\/h4><div class=\"et_pb_blurb_description\"><ul>\n<li><span style=\"color: #000000;\">Leistungsbereich von 2 kVA bis 8 MVA<\/span><\/li>\n<\/ul>\n<\/div><\/div><\/div><\/div>\n\n<div class=\"et_pb_blurb_4 et_pb_blurb et_pb_bg_layout_light et_pb_blurb_position_left et_pb_module et_block_module\"><div class=\"et_pb_blurb_content\"><div class=\"et_pb_main_blurb_image\"><span class=\"et_pb_image_wrap\"><span class=\"et-pb-icon et-waypoint et_pb_animation_top et_pb_animation_top_tablet et_pb_animation_top_phone\">\uf00c<\/span><\/span><\/div><div class=\"et_pb_blurb_container\"><h4 class=\"et_pb_module_header\">Spannung<\/h4><div class=\"et_pb_blurb_description\"><ul>\n<li><span style=\"color: #000000;\">Eingangs- und Ausgangsspannungen von 100 V bis 36 kV<\/span><\/li>\n<\/ul>\n<\/div><\/div><\/div><\/div>\n\n<div class=\"et_pb_blurb_5 et_pb_blurb et_pb_bg_layout_light et_pb_blurb_position_left et_pb_module et_block_module\"><div class=\"et_pb_blurb_content\"><div class=\"et_pb_main_blurb_image\"><span class=\"et_pb_image_wrap\"><span class=\"et-pb-icon et-waypoint et_pb_animation_top et_pb_animation_top_tablet et_pb_animation_top_phone\">\uf00c<\/span><\/span><\/div><div class=\"et_pb_blurb_container\"><h4 class=\"et_pb_module_header\">Frequenz<\/h4><div class=\"et_pb_blurb_description\"><ul>\n<li><span style=\"color: #000000;\">Verf\u00fcgbar f\u00fcr Anwendungen mit 50 Hz und 60 Hz<\/span><\/li>\n<\/ul>\n<\/div><\/div><\/div><\/div>\n<\/div>\n\n<div class=\"et_pb_column_10 et_pb_column et-last-child et_flex_column et_pb_css_mix_blend_mode_passthrough et_flex_column_24_24 et_flex_column_24_24_tablet et_flex_column_24_24_phone\">\n<div class=\"et_pb_text_6 et_pb_text et_pb_bg_layout_light et_pb_module et_block_module\"><div class=\"et_pb_text_inner\"><h4 data-start=\"4788\" data-end=\"4839\"><span style=\"color: #ff6600;\">Bereit f\u00fcr den n\u00e4chsten Schritt?<\/span><\/h4>\n<p data-start=\"4788\" data-end=\"4839\">Keine Situation ist wie die andere. Deshalb beraten wir Sie gerne, um die passende Vorgehensweise festzulegen. Nehmen Sie Kontakt mit unseren Spezialisten auf, f\u00fcr eine komplette und zuverl\u00e4ssige Stromversorgung nach Ma\u00df.<\/p>\n<\/div><\/div>\n\n<div class=\"et_pb_module et_pb_button_module_wrapper et_pb_button_1_wrapper\"><a class=\"et_pb_button_1 et_pb_button et_pb_bg_layout_light et_pb_module et_block_module side-by-side-2\" href=\"\/de\/kontakt\/\">Kontakt aufnehmen<\/a><\/div>\n\n<div class=\"et_pb_module et_pb_button_module_wrapper et_pb_button_2_wrapper\"><a class=\"et_pb_button_2 et_pb_button et_pb_bg_layout_light et_pb_module et_block_module side-by-side-2\" href=\"tel:31773981769\" target=\"_blank\">+31 (0) 77 398 1769<\/a><\/div>\n\n<div class=\"et_pb_blurb_6 et_pb_blurb et_pb_bg_layout_light et_pb_blurb_position_left et_pb_module et_block_module\"><div class=\"et_pb_blurb_content\"><div class=\"et_pb_main_blurb_image\"><span class=\"et_pb_image_wrap\"><span class=\"et-pb-icon et-waypoint et_pb_animation_top et_pb_animation_top_tablet et_pb_animation_top_phone\">\uf00c<\/span><\/span><\/div><div class=\"et_pb_blurb_container\"><h4 class=\"et_pb_module_header\">Von der Planung bis zur Umsetzung aus einer Hand<\/h4><\/div><\/div><\/div>\n\n<div class=\"et_pb_blurb_7 et_pb_blurb et_pb_bg_layout_light et_pb_blurb_position_left et_pb_module et_block_module\"><div class=\"et_pb_blurb_content\"><div class=\"et_pb_main_blurb_image\"><span class=\"et_pb_image_wrap\"><span class=\"et-pb-icon et-waypoint et_pb_animation_top et_pb_animation_top_tablet et_pb_animation_top_phone\">\uf00c<\/span><\/span><\/div><div class=\"et_pb_blurb_container\"><h4 class=\"et_pb_module_header\">Flexibel und individuell abgestimmt<\/h4><\/div><\/div><\/div>\n\n<div class=\"et_pb_blurb_8 et_pb_blurb et_pb_bg_layout_light et_pb_blurb_position_left et_pb_module et_block_module\"><div class=\"et_pb_blurb_content\"><div class=\"et_pb_main_blurb_image\"><span class=\"et_pb_image_wrap\"><span class=\"et-pb-icon et-waypoint et_pb_animation_top et_pb_animation_top_tablet et_pb_animation_top_phone\">\uf00c<\/span><\/span><\/div><div class=\"et_pb_blurb_container\"><h4 class=\"et_pb_module_header\">Gepr\u00e4gt von Fachkompetenz und hochwertiger Technik<\/h4><\/div><\/div><\/div>\n<\/div>\n<\/div>\n<\/div>","protected":false},"excerpt":{"rendered":"","protected":false},"author":4,"featured_media":0,"parent":9764,"menu_order":0,"comment_status":"closed","ping_status":"closed","template":"","meta":{"footnotes":""},"class_list":["post-9771","page","type-page","status-publish","hentry"],"yoast_head":"<!-- This site is optimized with the Yoast SEO plugin v27.6 - https:\/\/yoast.com\/product\/yoast-seo-wordpress\/ -->\n<title>Transformatoren - Van Stratum<\/title>\n<meta name=\"robots\" content=\"noindex, follow, max-snippet:-1, max-image-preview:large, max-video-preview:-1\" \/>\n<meta property=\"og:locale\" content=\"de_DE\" \/>\n<meta property=\"og:type\" content=\"article\" \/>\n<meta property=\"og:title\" content=\"Transformatoren - Van Stratum\" \/>\n<meta property=\"og:url\" content=\"https:\/\/stratum-horst.makkerspreview.nl\/verhuur\/transformatoren\/\" \/>\n<meta property=\"og:site_name\" content=\"Van Stratum\" \/>\n<meta property=\"article:publisher\" content=\"https:\/\/www.facebook.com\/VanStratumHorst\/\" \/>\n<meta property=\"article:modified_time\" content=\"2026-05-08T13:29:28+00:00\" \/>\n<meta name=\"twitter:card\" content=\"summary_large_image\" \/>\n<script type=\"application\/ld+json\" class=\"yoast-schema-graph\">{\"@context\":\"https:\\\/\\\/schema.org\",\"@graph\":[{\"@type\":\"WebPage\",\"@id\":\"https:\\\/\\\/stratum-horst.makkerspreview.nl\\\/verhuur\\\/transformatoren\\\/\",\"url\":\"https:\\\/\\\/stratum-horst.makkerspreview.nl\\\/verhuur\\\/transformatoren\\\/\",\"name\":\"Transformatoren - Van Stratum\",\"isPartOf\":{\"@id\":\"https:\\\/\\\/stratum-horst.makkerspreview.nl\\\/en\\\/#website\"},\"datePublished\":\"2026-01-20T09:07:06+00:00\",\"dateModified\":\"2026-05-08T13:29:28+00:00\",\"breadcrumb\":{\"@id\":\"https:\\\/\\\/stratum-horst.makkerspreview.nl\\\/verhuur\\\/transformatoren\\\/#breadcrumb\"},\"inLanguage\":\"de\",\"potentialAction\":[{\"@type\":\"ReadAction\",\"target\":[\"https:\\\/\\\/stratum-horst.makkerspreview.nl\\\/verhuur\\\/transformatoren\\\/\"]}]},{\"@type\":\"BreadcrumbList\",\"@id\":\"https:\\\/\\\/stratum-horst.makkerspreview.nl\\\/verhuur\\\/transformatoren\\\/#breadcrumb\",\"itemListElement\":[{\"@type\":\"ListItem\",\"position\":1,\"name\":\"Home\",\"item\":\"https:\\\/\\\/stratum-horst.makkerspreview.nl\\\/de\\\/\"},{\"@type\":\"ListItem\",\"position\":2,\"name\":\"Vermietung\",\"item\":\"https:\\\/\\\/stratum-horst.makkerspreview.nl\\\/verhuur\\\/\"},{\"@type\":\"ListItem\",\"position\":3,\"name\":\"Transformatoren\"}]},{\"@type\":\"WebSite\",\"@id\":\"https:\\\/\\\/stratum-horst.makkerspreview.nl\\\/en\\\/#website\",\"url\":\"https:\\\/\\\/stratum-horst.makkerspreview.nl\\\/en\\\/\",\"name\":\"Van Stratum\",\"description\":\"\",\"publisher\":{\"@id\":\"https:\\\/\\\/stratum-horst.makkerspreview.nl\\\/en\\\/#organization\"},\"potentialAction\":[{\"@type\":\"SearchAction\",\"target\":{\"@type\":\"EntryPoint\",\"urlTemplate\":\"https:\\\/\\\/stratum-horst.makkerspreview.nl\\\/en\\\/?s={search_term_string}\"},\"query-input\":{\"@type\":\"PropertyValueSpecification\",\"valueRequired\":true,\"valueName\":\"search_term_string\"}}],\"inLanguage\":\"de\"},{\"@type\":\"Organization\",\"@id\":\"https:\\\/\\\/stratum-horst.makkerspreview.nl\\\/en\\\/#organization\",\"name\":\"Van Stratum\",\"url\":\"https:\\\/\\\/stratum-horst.makkerspreview.nl\\\/en\\\/\",\"logo\":{\"@type\":\"ImageObject\",\"inLanguage\":\"de\",\"@id\":\"https:\\\/\\\/stratum-horst.makkerspreview.nl\\\/en\\\/#\\\/schema\\\/logo\\\/image\\\/\",\"url\":\"https:\\\/\\\/stratum-horst.makkerspreview.nl\\\/wp-content\\\/uploads\\\/2026\\\/03\\\/Logo-van-Stratum-Horst.png\",\"contentUrl\":\"https:\\\/\\\/stratum-horst.makkerspreview.nl\\\/wp-content\\\/uploads\\\/2026\\\/03\\\/Logo-van-Stratum-Horst.png\",\"width\":689,\"height\":176,\"caption\":\"Van Stratum\"},\"image\":{\"@id\":\"https:\\\/\\\/stratum-horst.makkerspreview.nl\\\/en\\\/#\\\/schema\\\/logo\\\/image\\\/\"},\"sameAs\":[\"https:\\\/\\\/www.facebook.com\\\/VanStratumHorst\\\/\",\"https:\\\/\\\/www.instagram.com\\\/vanstratumhorst\\\/\"]}]}<\/script>\n<!-- \/ Yoast SEO plugin. -->","yoast_head_json":{"title":"Transformatoren - Van Stratum","robots":{"index":"noindex","follow":"follow","max-snippet":"max-snippet:-1","max-image-preview":"max-image-preview:large","max-video-preview":"max-video-preview:-1"},"og_locale":"de_DE","og_type":"article","og_title":"Transformatoren - Van Stratum","og_url":"https:\/\/stratum-horst.makkerspreview.nl\/verhuur\/transformatoren\/","og_site_name":"Van Stratum","article_publisher":"https:\/\/www.facebook.com\/VanStratumHorst\/","article_modified_time":"2026-05-08T13:29:28+00:00","twitter_card":"summary_large_image","schema":{"@context":"https:\/\/schema.org","@graph":[{"@type":"WebPage","@id":"https:\/\/stratum-horst.makkerspreview.nl\/verhuur\/transformatoren\/","url":"https:\/\/stratum-horst.makkerspreview.nl\/verhuur\/transformatoren\/","name":"Transformatoren - Van Stratum","isPartOf":{"@id":"https:\/\/stratum-horst.makkerspreview.nl\/en\/#website"},"datePublished":"2026-01-20T09:07:06+00:00","dateModified":"2026-05-08T13:29:28+00:00","breadcrumb":{"@id":"https:\/\/stratum-horst.makkerspreview.nl\/verhuur\/transformatoren\/#breadcrumb"},"inLanguage":"de","potentialAction":[{"@type":"ReadAction","target":["https:\/\/stratum-horst.makkerspreview.nl\/verhuur\/transformatoren\/"]}]},{"@type":"BreadcrumbList","@id":"https:\/\/stratum-horst.makkerspreview.nl\/verhuur\/transformatoren\/#breadcrumb","itemListElement":[{"@type":"ListItem","position":1,"name":"Home","item":"https:\/\/stratum-horst.makkerspreview.nl\/de\/"},{"@type":"ListItem","position":2,"name":"Vermietung","item":"https:\/\/stratum-horst.makkerspreview.nl\/verhuur\/"},{"@type":"ListItem","position":3,"name":"Transformatoren"}]},{"@type":"WebSite","@id":"https:\/\/stratum-horst.makkerspreview.nl\/en\/#website","url":"https:\/\/stratum-horst.makkerspreview.nl\/en\/","name":"Van Stratum","description":"","publisher":{"@id":"https:\/\/stratum-horst.makkerspreview.nl\/en\/#organization"},"potentialAction":[{"@type":"SearchAction","target":{"@type":"EntryPoint","urlTemplate":"https:\/\/stratum-horst.makkerspreview.nl\/en\/?s={search_term_string}"},"query-input":{"@type":"PropertyValueSpecification","valueRequired":true,"valueName":"search_term_string"}}],"inLanguage":"de"},{"@type":"Organization","@id":"https:\/\/stratum-horst.makkerspreview.nl\/en\/#organization","name":"Van Stratum","url":"https:\/\/stratum-horst.makkerspreview.nl\/en\/","logo":{"@type":"ImageObject","inLanguage":"de","@id":"https:\/\/stratum-horst.makkerspreview.nl\/en\/#\/schema\/logo\/image\/","url":"https:\/\/stratum-horst.makkerspreview.nl\/wp-content\/uploads\/2026\/03\/Logo-van-Stratum-Horst.png","contentUrl":"https:\/\/stratum-horst.makkerspreview.nl\/wp-content\/uploads\/2026\/03\/Logo-van-Stratum-Horst.png","width":689,"height":176,"caption":"Van Stratum"},"image":{"@id":"https:\/\/stratum-horst.makkerspreview.nl\/en\/#\/schema\/logo\/image\/"},"sameAs":["https:\/\/www.facebook.com\/VanStratumHorst\/","https:\/\/www.instagram.com\/vanstratumhorst\/"]}]}},"_links":{"self":[{"href":"https:\/\/stratum-horst.makkerspreview.nl\/de\/wp-json\/wp\/v2\/pages\/9771","targetHints":{"allow":["GET"]}}],"collection":[{"href":"https:\/\/stratum-horst.makkerspreview.nl\/de\/wp-json\/wp\/v2\/pages"}],"about":[{"href":"https:\/\/stratum-horst.makkerspreview.nl\/de\/wp-json\/wp\/v2\/types\/page"}],"author":[{"embeddable":true,"href":"https:\/\/stratum-horst.makkerspreview.nl\/de\/wp-json\/wp\/v2\/users\/4"}],"replies":[{"embeddable":true,"href":"https:\/\/stratum-horst.makkerspreview.nl\/de\/wp-json\/wp\/v2\/comments?post=9771"}],"version-history":[{"count":8,"href":"https:\/\/stratum-horst.makkerspreview.nl\/de\/wp-json\/wp\/v2\/pages\/9771\/revisions"}],"predecessor-version":[{"id":10180,"href":"https:\/\/stratum-horst.makkerspreview.nl\/de\/wp-json\/wp\/v2\/pages\/9771\/revisions\/10180"}],"up":[{"embeddable":true,"href":"https:\/\/stratum-horst.makkerspreview.nl\/de\/wp-json\/wp\/v2\/pages\/9764"}],"wp:attachment":[{"href":"https:\/\/stratum-horst.makkerspreview.nl\/de\/wp-json\/wp\/v2\/media?parent=9771"}],"curies":[{"name":"wp","href":"https:\/\/api.w.org\/{rel}","templated":true}]}}