{"id":9765,"date":"2026-02-05T08:17:56","date_gmt":"2026-02-05T08:17:56","guid":{"rendered":"https:\/\/stratum-horst.makkerspreview.nl\/vermietung\/zusatzausstattung\/"},"modified":"2026-05-08T13:39:50","modified_gmt":"2026-05-08T13:39:50","slug":"zusaetzliche-ausstattung","status":"publish","type":"page","link":"https:\/\/stratum-horst.makkerspreview.nl\/de\/vermietung\/zusaetzliche-ausstattung\/","title":{"rendered":"Zus\u00e4tzliche Ausstattung"},"content":{"rendered":"<div class=\"et_pb_section_0 et_pb_section et_section_regular et_flex_section\">\n<div class=\"et_pb_row_0 et_pb_row et_flex_row\">\n<div class=\"et_pb_column_0 et_pb_column et_flex_column et_pb_css_mix_blend_mode_passthrough et_flex_column_2_5 et_flex_column_2_5_tablet et_flex_column_24_24_phone\">\n<div class=\"et_pb_text_0 et_pb_text et_pb_bg_layout_light et_pb_module et_block_module\"><div class=\"et_pb_text_inner\"><h1><strong>Zus\u00e4tzliche Ausstattung<\/strong><\/h1>\n<\/div><\/div>\n<\/div>\n\n<div class=\"et_pb_column_1 et_pb_column et-last-child et_flex_column et_pb_css_mix_blend_mode_passthrough et_flex_column_2_5 et_flex_column_2_5_tablet et_flex_column_24_24_phone\">\n<div class=\"et_pb_blurb_0 et_pb_blurb et_pb_bg_layout_light et_pb_blurb_position_left et_pb_module et_block_module\"><div class=\"et_pb_blurb_content\"><div class=\"et_pb_main_blurb_image\"><span class=\"et_pb_image_wrap\"><span class=\"et-pb-icon et-waypoint et_pb_animation_top et_pb_animation_top_tablet et_pb_animation_top_phone\">\uf00c<\/span><\/span><\/div><div class=\"et_pb_blurb_container\"><h4 class=\"et_pb_module_header\">Alles, was Sie zus\u00e4tzlich zur Stromversorgung ben\u00f6tigen<\/h4><\/div><\/div><\/div>\n\n<div class=\"et_pb_blurb_1 et_pb_blurb et_pb_bg_layout_light et_pb_blurb_position_left et_pb_module et_block_module\"><div class=\"et_pb_blurb_content\"><div class=\"et_pb_main_blurb_image\"><span class=\"et_pb_image_wrap\"><span class=\"et-pb-icon et-waypoint et_pb_animation_top et_pb_animation_top_tablet et_pb_animation_top_phone\">\uf00c<\/span><\/span><\/div><div class=\"et_pb_blurb_container\"><h4 class=\"et_pb_module_header\">Praktisch und direkt einsetzbar<\/h4><\/div><\/div><\/div>\n\n<div class=\"et_pb_blurb_2 et_pb_blurb et_pb_bg_layout_light et_pb_blurb_position_left et_pb_module et_block_module\"><div class=\"et_pb_blurb_content\"><div class=\"et_pb_main_blurb_image\"><span class=\"et_pb_image_wrap\"><span class=\"et-pb-icon et-waypoint et_pb_animation_top et_pb_animation_top_tablet et_pb_animation_top_phone\">\uf00c<\/span><\/span><\/div><div class=\"et_pb_blurb_container\"><h4 class=\"et_pb_module_header\">Sichere und effiziente Projektumsetzung<\/h4><\/div><\/div><\/div>\n<\/div>\n<\/div>\n<\/div>\n\n<div class=\"et_pb_section_1 et_pb_section et_section_regular et_block_section\">\n<div class=\"et_pb_row_1 et_pb_row et_flex_row\">\n<div class=\"et_pb_column_2 et_pb_column et_flex_column et_pb_css_mix_blend_mode_passthrough et_flex_column_12_24 et_flex_column_12_24_tablet et_flex_column_24_24_phone\">\n<div class=\"et_pb_text_1 et_pb_text et_pb_bg_layout_light et_pb_module et_block_module\"><div class=\"et_pb_text_inner\"><p data-start=\"656\" data-end=\"818\">Neben Stromaggregaten, Transformatoren und Kabeln liefern wir auch praktische Ausstattung, die ein Projekt oder eine Veranstaltung komplett macht. Dazu geh\u00f6ren Kabelbr\u00fccken f\u00fcr eine sichere Kabelf\u00fchrung, Bauz\u00e4une zur Absperrung und Gel\u00e4ndesicherung sowie Gel\u00e4ndefahrzeuge, um Materialien einfach zu transportieren. So richten Sie jeden Standort sicher und effizient ein.<\/p>\n<\/div><\/div>\n<\/div>\n\n<div class=\"et_pb_column_3 et_pb_column et-last-child et_flex_column et_pb_column_empty et_pb_css_mix_blend_mode_passthrough et_flex_column_12_24 et_flex_column_12_24_tablet et_flex_column_24_24_phone\"><\/div>\n<\/div>\n<\/div>\n\n<div class=\"et_pb_section_2 et_pb_section et_section_regular et_flex_section\">\n<div class=\"et_pb_row_2 et_pb_row et_flex_row\">\n<div class=\"et_pb_column_4 et_pb_column et_flex_column et_pb_css_mix_blend_mode_passthrough et_flex_column_12_24 et_flex_column_12_24_tablet et_flex_column_24_24_phone\">\n<div class=\"et_pb_text_2 et_pb_text et_pb_bg_layout_light et_pb_module et_block_module\"><div class=\"et_pb_text_inner\"><h2>Kabelschutz<\/h2>\n<p>Wir bieten verschiedene L\u00f6sungen zum Schutz von Kabeln vor Ort. Von einfachen Gummimatten zur Reduzierung von Stolpergefahren bis hin zu robusten Kabelbr\u00fccken, die selbst von Lkw \u00fcberfahren werden k\u00f6nnen. Kabelbr\u00fccken sind in verschiedenen Ausf\u00fchrungen erh\u00e4ltlich: 3-Kanal- und 5-Kanal-Ausf\u00fchrungen sowie koppelbare 5-Kanal-Varianten mit unterschiedlichen Seitenteilen.<\/p>\n<\/div><\/div>\n<\/div>\n\n<div class=\"et_pb_column_5 et_pb_column et-last-child et_flex_column et_pb_css_mix_blend_mode_passthrough et_flex_column_12_24 et_flex_column_12_24_tablet et_flex_column_24_24_phone\">\n<div class=\"et_pb_image_0 et_pb_image et_pb_module et_flex_module\"><span class=\"et_pb_image_wrap\"><img loading=\"lazy\" decoding=\"async\" src=\"https:\/\/stratum-horst.makkerspreview.nl\/wp-content\/uploads\/2026\/03\/P1191185.jpg\" title=\"P1191185\" width=\"2250\" height=\"1499\" srcset=\"https:\/\/stratum-horst.makkerspreview.nl\/wp-content\/uploads\/2026\/03\/P1191185.jpg 2250w, https:\/\/stratum-horst.makkerspreview.nl\/wp-content\/uploads\/2026\/03\/P1191185-1280x853.jpg 1280w, https:\/\/stratum-horst.makkerspreview.nl\/wp-content\/uploads\/2026\/03\/P1191185-980x653.jpg 980w, https:\/\/stratum-horst.makkerspreview.nl\/wp-content\/uploads\/2026\/03\/P1191185-480x320.jpg 480w\" sizes=\"(min-width: 0px) and (max-width: 480px) 480px, (min-width: 481px) and (max-width: 980px) 980px, (min-width: 981px) and (max-width: 1280px) 1280px, (min-width: 1281px) 2250px, 100vw\" class=\"wp-image-9517\" \/><\/span><\/div>\n<\/div>\n<\/div>\n\n<div class=\"et_pb_row_3 et_pb_row et_flex_row\">\n<div class=\"et_pb_column_6 et_pb_column et_flex_column et_pb_css_mix_blend_mode_passthrough et_flex_column_12_24 et_flex_column_12_24_tablet et_flex_column_24_24_phone\">\n<div class=\"et_pb_image_1 et_pb_image et_pb_module et_flex_module\"><span class=\"et_pb_image_wrap\"><img loading=\"lazy\" decoding=\"async\" src=\"https:\/\/stratum-horst.makkerspreview.nl\/wp-content\/uploads\/2026\/03\/verhuur-superstil-echobarrier-e1773842274363.webp\" title=\"verhuur-superstil-echobarrier\" width=\"900\" height=\"600\" srcset=\"https:\/\/stratum-horst.makkerspreview.nl\/wp-content\/uploads\/2026\/03\/verhuur-superstil-echobarrier-e1773842274363-900x551.webp 900w, https:\/\/stratum-horst.makkerspreview.nl\/wp-content\/uploads\/2026\/03\/verhuur-superstil-echobarrier-e1773842274363-480x270.webp 480w\" sizes=\"(min-width: 0px) and (max-width: 480px) 480px, (min-width: 481px) and (max-width: 900px) 900px, 100vw\" class=\"wp-image-9491\" \/><\/span><\/div>\n<\/div>\n\n<div class=\"et_pb_column_7 et_pb_column et-last-child et_flex_column et_pb_css_mix_blend_mode_passthrough et_flex_column_12_24 et_flex_column_12_24_tablet et_flex_column_24_24_phone\">\n<div class=\"et_pb_text_3 et_pb_text et_pb_bg_layout_light et_pb_module et_block_module\"><div class=\"et_pb_text_inner\"><h2><span style=\"color: #ff6600;\"><strong>Echobarriers<\/strong><\/span><\/h2>\n<p data-start=\"2650\" data-end=\"2770\">F\u00fcr Standorte, an denen Ger\u00e4usche auf ein Minimum reduziert werden m\u00fcssen, setzen wir Echo Barriers ein. Diese schalld\u00e4mmenden Elemente senken den Ger\u00e4uschpegel deutlich und sind robust, flexibel einsetzbar und einfach zu installieren. Ideal f\u00fcr Veranstaltungen, Baustellen oder Projekte in st\u00e4dtischen Gebieten, bei denen Anwohner oder Nutzer m\u00f6glichst wenig beeintr\u00e4chtigt werden sollen.<\/p>\n<\/div><\/div>\n<\/div>\n<\/div>\n<\/div>\n\n<div class=\"et_pb_section_3 et_pb_section et_section_regular et_block_section\">\n<div class=\"et_pb_row_4 et_pb_row et_flex_row\">\n<div class=\"et_pb_column_8 et_pb_column et_flex_column et_pb_css_mix_blend_mode_passthrough et_flex_column_24_24 et_flex_column_24_24_tablet et_flex_column_24_24_phone\">\n<div class=\"et_pb_text_4 et_pb_text et_pb_bg_layout_light et_pb_module et_flex_module\"><div class=\"et_pb_text_inner\"><h2 style=\"text-align: left;\"><span style=\"color: #ff6600;\">Bereit f\u00fcr den n\u00e4chsten Schritt?<\/span><\/h2>\n<p data-start=\"3594\" data-end=\"3645\">Keine Situation ist wie die andere. Deshalb stimmen wir die passende Vorgehensweise gerne gemeinsam mit Ihnen ab. Nehmen Sie Kontakt mit unseren Spezialisten auf. Gemeinsam finden wir eine komplette und zuverl\u00e4ssige Stromversorgung nach Ma\u00df.<\/p>\n<\/div>\n<div class=\"et_pb_row_5 et_pb_row et_pb_row_nested et_flex_row\">\n<div class=\"et_pb_column_9 et_pb_column et_flex_column et_pb_css_mix_blend_mode_passthrough et_flex_column_12_24 et_flex_column_12_24_tablet et_flex_column_24_24_phone\">\n<div class=\"et_pb_module et_pb_button_module_wrapper et_pb_button_0_wrapper\"><a class=\"et_pb_button_0 et_pb_button et_pb_bg_layout_light et_pb_module et_block_module side-by-side-2\" href=\"\/de\/kontakt\/\">Kontakt aufnehmen<\/a><\/div>\n<\/div>\n\n<div class=\"et_pb_column_10 et_pb_column et-last-child et_flex_column et_pb_css_mix_blend_mode_passthrough et_flex_column_12_24 et_flex_column_12_24_tablet et_flex_column_24_24_phone\">\n<div class=\"et_pb_module et_pb_button_module_wrapper et_pb_button_1_wrapper\"><a class=\"et_pb_button_1 et_pb_button et_pb_bg_layout_light et_pb_module et_block_module side-by-side-2\" href=\"tel:31773981769\" target=\"_blank\" data-icon=\"\uf879\">+31 (0) 77 398 1769<\/a><\/div>\n<\/div>\n<\/div>\n<\/div>\n<\/div>\n\n<div class=\"et_pb_column_11 et_pb_column et-last-child et_flex_column et_pb_css_mix_blend_mode_passthrough et_flex_column_24_24 et_flex_column_24_24_tablet et_flex_column_24_24_phone\">\n<div class=\"et_pb_blurb_3 et_pb_blurb et_pb_bg_layout_light et_pb_blurb_position_left et_pb_module et_block_module\"><div class=\"et_pb_blurb_content\"><div class=\"et_pb_main_blurb_image\"><span class=\"et_pb_image_wrap\"><span class=\"et-pb-icon et-waypoint et_pb_animation_top et_pb_animation_top_tablet et_pb_animation_top_phone\">\uf00c<\/span><\/span><\/div><div class=\"et_pb_blurb_container\"><h4 class=\"et_pb_module_header\">Von der Planung bis zur Umsetzung aus einer Hand<\/h4><\/div><\/div><\/div>\n\n<div class=\"et_pb_blurb_4 et_pb_blurb et_pb_bg_layout_light et_pb_blurb_position_left et_pb_module et_block_module\"><div class=\"et_pb_blurb_content\"><div class=\"et_pb_main_blurb_image\"><span class=\"et_pb_image_wrap\"><span class=\"et-pb-icon et-waypoint et_pb_animation_top et_pb_animation_top_tablet et_pb_animation_top_phone\">\uf00c<\/span><\/span><\/div><div class=\"et_pb_blurb_container\"><h4 class=\"et_pb_module_header\">Flexibel und individuell abgestimmt<\/h4><\/div><\/div><\/div>\n\n<div class=\"et_pb_blurb_5 et_pb_blurb et_pb_bg_layout_light et_pb_blurb_position_left et_pb_module et_block_module\"><div class=\"et_pb_blurb_content\"><div class=\"et_pb_main_blurb_image\"><span class=\"et_pb_image_wrap\"><span class=\"et-pb-icon et-waypoint et_pb_animation_top et_pb_animation_top_tablet et_pb_animation_top_phone\">\uf00c<\/span><\/span><\/div><div class=\"et_pb_blurb_container\"><h4 class=\"et_pb_module_header\">Gepr\u00e4gt von Fachkompetenz und hochwertiger Technik<\/h4><\/div><\/div><\/div>\n<\/div>\n<\/div>\n<\/div>","protected":false},"excerpt":{"rendered":"","protected":false},"author":4,"featured_media":0,"parent":9764,"menu_order":0,"comment_status":"closed","ping_status":"closed","template":"","meta":{"footnotes":""},"class_list":["post-9765","page","type-page","status-publish","hentry"],"yoast_head":"<!-- This site is optimized with the Yoast SEO plugin v27.6 - https:\/\/yoast.com\/product\/yoast-seo-wordpress\/ -->\n<title>Zus\u00e4tzliche Ausstattung - Van Stratum<\/title>\n<meta name=\"robots\" content=\"noindex, follow, max-snippet:-1, max-image-preview:large, max-video-preview:-1\" \/>\n<meta property=\"og:locale\" content=\"de_DE\" \/>\n<meta property=\"og:type\" content=\"article\" \/>\n<meta property=\"og:title\" content=\"Zus\u00e4tzliche Ausstattung - Van Stratum\" \/>\n<meta property=\"og:url\" content=\"https:\/\/stratum-horst.makkerspreview.nl\/verhuur\/aanvullende-uitrusting\/\" \/>\n<meta property=\"og:site_name\" content=\"Van Stratum\" \/>\n<meta property=\"article:publisher\" content=\"https:\/\/www.facebook.com\/VanStratumHorst\/\" \/>\n<meta property=\"article:modified_time\" content=\"2026-05-08T13:39:50+00:00\" \/>\n<meta name=\"twitter:card\" content=\"summary_large_image\" \/>\n<script type=\"application\/ld+json\" class=\"yoast-schema-graph\">{\"@context\":\"https:\\\/\\\/schema.org\",\"@graph\":[{\"@type\":\"WebPage\",\"@id\":\"https:\\\/\\\/stratum-horst.makkerspreview.nl\\\/verhuur\\\/aanvullende-uitrusting\\\/\",\"url\":\"https:\\\/\\\/stratum-horst.makkerspreview.nl\\\/verhuur\\\/aanvullende-uitrusting\\\/\",\"name\":\"Zus\u00e4tzliche Ausstattung - Van Stratum\",\"isPartOf\":{\"@id\":\"https:\\\/\\\/stratum-horst.makkerspreview.nl\\\/en\\\/#website\"},\"datePublished\":\"2026-02-05T08:17:56+00:00\",\"dateModified\":\"2026-05-08T13:39:50+00:00\",\"breadcrumb\":{\"@id\":\"https:\\\/\\\/stratum-horst.makkerspreview.nl\\\/verhuur\\\/aanvullende-uitrusting\\\/#breadcrumb\"},\"inLanguage\":\"de\",\"potentialAction\":[{\"@type\":\"ReadAction\",\"target\":[\"https:\\\/\\\/stratum-horst.makkerspreview.nl\\\/verhuur\\\/aanvullende-uitrusting\\\/\"]}]},{\"@type\":\"BreadcrumbList\",\"@id\":\"https:\\\/\\\/stratum-horst.makkerspreview.nl\\\/verhuur\\\/aanvullende-uitrusting\\\/#breadcrumb\",\"itemListElement\":[{\"@type\":\"ListItem\",\"position\":1,\"name\":\"Home\",\"item\":\"https:\\\/\\\/stratum-horst.makkerspreview.nl\\\/de\\\/\"},{\"@type\":\"ListItem\",\"position\":2,\"name\":\"Vermietung\",\"item\":\"https:\\\/\\\/stratum-horst.makkerspreview.nl\\\/verhuur\\\/\"},{\"@type\":\"ListItem\",\"position\":3,\"name\":\"Zus\u00e4tzliche Ausstattung\"}]},{\"@type\":\"WebSite\",\"@id\":\"https:\\\/\\\/stratum-horst.makkerspreview.nl\\\/en\\\/#website\",\"url\":\"https:\\\/\\\/stratum-horst.makkerspreview.nl\\\/en\\\/\",\"name\":\"Van Stratum\",\"description\":\"\",\"publisher\":{\"@id\":\"https:\\\/\\\/stratum-horst.makkerspreview.nl\\\/en\\\/#organization\"},\"potentialAction\":[{\"@type\":\"SearchAction\",\"target\":{\"@type\":\"EntryPoint\",\"urlTemplate\":\"https:\\\/\\\/stratum-horst.makkerspreview.nl\\\/en\\\/?s={search_term_string}\"},\"query-input\":{\"@type\":\"PropertyValueSpecification\",\"valueRequired\":true,\"valueName\":\"search_term_string\"}}],\"inLanguage\":\"de\"},{\"@type\":\"Organization\",\"@id\":\"https:\\\/\\\/stratum-horst.makkerspreview.nl\\\/en\\\/#organization\",\"name\":\"Van Stratum\",\"url\":\"https:\\\/\\\/stratum-horst.makkerspreview.nl\\\/en\\\/\",\"logo\":{\"@type\":\"ImageObject\",\"inLanguage\":\"de\",\"@id\":\"https:\\\/\\\/stratum-horst.makkerspreview.nl\\\/en\\\/#\\\/schema\\\/logo\\\/image\\\/\",\"url\":\"https:\\\/\\\/stratum-horst.makkerspreview.nl\\\/wp-content\\\/uploads\\\/2026\\\/03\\\/Logo-van-Stratum-Horst.png\",\"contentUrl\":\"https:\\\/\\\/stratum-horst.makkerspreview.nl\\\/wp-content\\\/uploads\\\/2026\\\/03\\\/Logo-van-Stratum-Horst.png\",\"width\":689,\"height\":176,\"caption\":\"Van Stratum\"},\"image\":{\"@id\":\"https:\\\/\\\/stratum-horst.makkerspreview.nl\\\/en\\\/#\\\/schema\\\/logo\\\/image\\\/\"},\"sameAs\":[\"https:\\\/\\\/www.facebook.com\\\/VanStratumHorst\\\/\",\"https:\\\/\\\/www.instagram.com\\\/vanstratumhorst\\\/\"]}]}<\/script>\n<!-- \/ Yoast SEO plugin. -->","yoast_head_json":{"title":"Zus\u00e4tzliche Ausstattung - Van Stratum","robots":{"index":"noindex","follow":"follow","max-snippet":"max-snippet:-1","max-image-preview":"max-image-preview:large","max-video-preview":"max-video-preview:-1"},"og_locale":"de_DE","og_type":"article","og_title":"Zus\u00e4tzliche Ausstattung - Van Stratum","og_url":"https:\/\/stratum-horst.makkerspreview.nl\/verhuur\/aanvullende-uitrusting\/","og_site_name":"Van Stratum","article_publisher":"https:\/\/www.facebook.com\/VanStratumHorst\/","article_modified_time":"2026-05-08T13:39:50+00:00","twitter_card":"summary_large_image","schema":{"@context":"https:\/\/schema.org","@graph":[{"@type":"WebPage","@id":"https:\/\/stratum-horst.makkerspreview.nl\/verhuur\/aanvullende-uitrusting\/","url":"https:\/\/stratum-horst.makkerspreview.nl\/verhuur\/aanvullende-uitrusting\/","name":"Zus\u00e4tzliche Ausstattung - Van Stratum","isPartOf":{"@id":"https:\/\/stratum-horst.makkerspreview.nl\/en\/#website"},"datePublished":"2026-02-05T08:17:56+00:00","dateModified":"2026-05-08T13:39:50+00:00","breadcrumb":{"@id":"https:\/\/stratum-horst.makkerspreview.nl\/verhuur\/aanvullende-uitrusting\/#breadcrumb"},"inLanguage":"de","potentialAction":[{"@type":"ReadAction","target":["https:\/\/stratum-horst.makkerspreview.nl\/verhuur\/aanvullende-uitrusting\/"]}]},{"@type":"BreadcrumbList","@id":"https:\/\/stratum-horst.makkerspreview.nl\/verhuur\/aanvullende-uitrusting\/#breadcrumb","itemListElement":[{"@type":"ListItem","position":1,"name":"Home","item":"https:\/\/stratum-horst.makkerspreview.nl\/de\/"},{"@type":"ListItem","position":2,"name":"Vermietung","item":"https:\/\/stratum-horst.makkerspreview.nl\/verhuur\/"},{"@type":"ListItem","position":3,"name":"Zus\u00e4tzliche Ausstattung"}]},{"@type":"WebSite","@id":"https:\/\/stratum-horst.makkerspreview.nl\/en\/#website","url":"https:\/\/stratum-horst.makkerspreview.nl\/en\/","name":"Van Stratum","description":"","publisher":{"@id":"https:\/\/stratum-horst.makkerspreview.nl\/en\/#organization"},"potentialAction":[{"@type":"SearchAction","target":{"@type":"EntryPoint","urlTemplate":"https:\/\/stratum-horst.makkerspreview.nl\/en\/?s={search_term_string}"},"query-input":{"@type":"PropertyValueSpecification","valueRequired":true,"valueName":"search_term_string"}}],"inLanguage":"de"},{"@type":"Organization","@id":"https:\/\/stratum-horst.makkerspreview.nl\/en\/#organization","name":"Van Stratum","url":"https:\/\/stratum-horst.makkerspreview.nl\/en\/","logo":{"@type":"ImageObject","inLanguage":"de","@id":"https:\/\/stratum-horst.makkerspreview.nl\/en\/#\/schema\/logo\/image\/","url":"https:\/\/stratum-horst.makkerspreview.nl\/wp-content\/uploads\/2026\/03\/Logo-van-Stratum-Horst.png","contentUrl":"https:\/\/stratum-horst.makkerspreview.nl\/wp-content\/uploads\/2026\/03\/Logo-van-Stratum-Horst.png","width":689,"height":176,"caption":"Van Stratum"},"image":{"@id":"https:\/\/stratum-horst.makkerspreview.nl\/en\/#\/schema\/logo\/image\/"},"sameAs":["https:\/\/www.facebook.com\/VanStratumHorst\/","https:\/\/www.instagram.com\/vanstratumhorst\/"]}]}},"_links":{"self":[{"href":"https:\/\/stratum-horst.makkerspreview.nl\/de\/wp-json\/wp\/v2\/pages\/9765","targetHints":{"allow":["GET"]}}],"collection":[{"href":"https:\/\/stratum-horst.makkerspreview.nl\/de\/wp-json\/wp\/v2\/pages"}],"about":[{"href":"https:\/\/stratum-horst.makkerspreview.nl\/de\/wp-json\/wp\/v2\/types\/page"}],"author":[{"embeddable":true,"href":"https:\/\/stratum-horst.makkerspreview.nl\/de\/wp-json\/wp\/v2\/users\/4"}],"replies":[{"embeddable":true,"href":"https:\/\/stratum-horst.makkerspreview.nl\/de\/wp-json\/wp\/v2\/comments?post=9765"}],"version-history":[{"count":6,"href":"https:\/\/stratum-horst.makkerspreview.nl\/de\/wp-json\/wp\/v2\/pages\/9765\/revisions"}],"predecessor-version":[{"id":10184,"href":"https:\/\/stratum-horst.makkerspreview.nl\/de\/wp-json\/wp\/v2\/pages\/9765\/revisions\/10184"}],"up":[{"embeddable":true,"href":"https:\/\/stratum-horst.makkerspreview.nl\/de\/wp-json\/wp\/v2\/pages\/9764"}],"wp:attachment":[{"href":"https:\/\/stratum-horst.makkerspreview.nl\/de\/wp-json\/wp\/v2\/media?parent=9765"}],"curies":[{"name":"wp","href":"https:\/\/api.w.org\/{rel}","templated":true}]}}