{"id":9763,"date":"2026-02-04T15:15:49","date_gmt":"2026-02-04T15:15:49","guid":{"rendered":"https:\/\/stratum-horst.makkerspreview.nl\/branchen\/gesundheit-und-soziales\/"},"modified":"2026-05-12T07:03:21","modified_gmt":"2026-05-12T07:03:21","slug":"gesundheit-und-soziales","status":"publish","type":"page","link":"https:\/\/stratum-horst.makkerspreview.nl\/de\/branchen\/gesundheit-und-soziales\/","title":{"rendered":"Gesundheitswesen"},"content":{"rendered":"<div class=\"et_pb_section_0 et_pb_section et_section_regular et_flex_section\">\n<div class=\"et_pb_row_0 et_pb_row et_flex_row\">\n<div class=\"et_pb_column_0 et_pb_column et_flex_column et_pb_css_mix_blend_mode_passthrough et_flex_column_2_5 et_flex_column_2_5_tablet et_flex_column_24_24_phone\">\n<div class=\"et_pb_text_0 et_pb_text et_pb_bg_layout_light et_pb_module et_block_module\"><div class=\"et_pb_text_inner\"><h1>Gesundheitswesen<\/h1>\n<\/div><\/div>\n<\/div>\n\n<div class=\"et_pb_column_1 et_pb_column et-last-child et_flex_column et_pb_css_mix_blend_mode_passthrough et_flex_column_2_5 et_flex_column_2_5_tablet et_flex_column_24_24_phone\">\n<div class=\"et_pb_blurb_0 et_pb_blurb et_pb_bg_layout_light et_pb_blurb_position_left et_pb_module et_block_module\"><div class=\"et_pb_blurb_content\"><div class=\"et_pb_main_blurb_image\"><span class=\"et_pb_image_wrap\"><span class=\"et-pb-icon et-waypoint et_pb_animation_top et_pb_animation_top_tablet et_pb_animation_top_phone\">\uf00c<\/span><\/span><\/div><div class=\"et_pb_blurb_container\"><h4 class=\"et_pb_module_header\">Zuverl\u00e4ssige Notstromversorgung f\u00fcr kritische Einrichtungen<\/h4><\/div><\/div><\/div>\n\n<div class=\"et_pb_blurb_1 et_pb_blurb et_pb_bg_layout_light et_pb_blurb_position_left et_pb_module et_block_module\"><div class=\"et_pb_blurb_content\"><div class=\"et_pb_main_blurb_image\"><span class=\"et_pb_image_wrap\"><span class=\"et-pb-icon et-waypoint et_pb_animation_top et_pb_animation_top_tablet et_pb_animation_top_phone\">\uf00c<\/span><\/span><\/div><div class=\"et_pb_blurb_container\"><h4 class=\"et_pb_module_header\">Nahtlose \u00dcbernahme der Stromversorgung ohne Unterbrechung<\/h4><\/div><\/div><\/div>\n\n<div class=\"et_pb_blurb_2 et_pb_blurb et_pb_bg_layout_light et_pb_blurb_position_left et_pb_module et_block_module\"><div class=\"et_pb_blurb_content\"><div class=\"et_pb_main_blurb_image\"><span class=\"et_pb_image_wrap\"><span class=\"et-pb-icon et-waypoint et_pb_animation_top et_pb_animation_top_tablet et_pb_animation_top_phone\">\uf00c<\/span><\/span><\/div><div class=\"et_pb_blurb_container\"><h4 class=\"et_pb_module_header\">24\/7-Service und Unterst\u00fctzung bei St\u00f6rungen<\/h4><\/div><\/div><\/div>\n<\/div>\n<\/div>\n<\/div>\n\n<div class=\"et_pb_section_1 et_pb_section et_section_regular et_block_section\">\n<div class=\"et_pb_row_1 et_pb_row et_flex_row\">\n<div class=\"et_pb_column_2 et_pb_column et_flex_column et_pb_css_mix_blend_mode_passthrough et_flex_column_12_24 et_flex_column_12_24_tablet et_flex_column_24_24_phone\">\n<div class=\"et_pb_image_0 et_pb_image et_pb_module et_flex_module\"><span class=\"et_pb_image_wrap\"><img loading=\"lazy\" decoding=\"async\" src=\"https:\/\/stratum-horst.makkerspreview.nl\/wp-content\/uploads\/2026\/02\/afb-zorg-en-welzijn.jpg\" title=\"afb zorg en welzijn\" width=\"900\" height=\"850\" srcset=\"https:\/\/stratum-horst.makkerspreview.nl\/wp-content\/uploads\/2026\/02\/afb-zorg-en-welzijn.jpg 900w, https:\/\/stratum-horst.makkerspreview.nl\/wp-content\/uploads\/2026\/02\/afb-zorg-en-welzijn-480x453.jpg 480w\" sizes=\"(min-width: 0px) and (max-width: 480px) 480px, (min-width: 481px) 900px, 100vw\" class=\"wp-image-8982\" \/><\/span><\/div>\n<\/div>\n\n<div class=\"et_pb_column_3 et_pb_column et-last-child et_flex_column et_pb_css_mix_blend_mode_passthrough et_flex_column_12_24 et_flex_column_12_24_tablet et_flex_column_24_24_phone\">\n<div class=\"et_pb_text_1 et_pb_text et_pb_bg_layout_light et_pb_module et_flex_module\"><div class=\"et_pb_text_inner\"><p data-start=\"1234\" data-end=\"1313\">Im Gesundheitswesen darf die Stromversorgung niemals ausfallen. Krankenh\u00e4user, Pflegeeinrichtungen und medizinische Zentren sind rund um die Uhr in Betrieb und auf eine zuverl\u00e4ssige Energieversorgung angewiesen. Wir liefern Notstroml\u00f6sungen, die Abl\u00e4ufe sicher aufrechterhalten, auch bei Wartung, St\u00f6rungen oder Netzausf\u00e4llen.<\/p>\n<p data-start=\"2155\" data-end=\"2245\">Mit synchronisierten Aggregaten \u00fcbernehmen wir die Stromversorgung nahtlos, ohne dass Ger\u00e4te oder kritische Systeme unterbrochen werden. Wir liefern tempor\u00e4re Stromaggregate, Batteriesysteme und Verteiltechnik, die sich in bestehende Systeme integrieren lassen und einsatzbereit sind, wenn es darauf ankommt.<\/p>\n<p data-start=\"3075\" data-end=\"3216\">Dar\u00fcber hinaus f\u00fchren wir Service und Unterst\u00fctzung sowohl an unseren eigenen Anlagen als auch an den Anlagen unserer Kunden durch. Dank unserer 24\/7-Erreichbarkeit k\u00f6nnen wir bei St\u00f6rungen schnell reagieren und stellen sicher, dass die Stromversorgung jederzeit gew\u00e4hrleistet ist.<\/p>\n<\/div><\/div>\n<\/div>\n<\/div>\n<\/div>\n\n<div class=\"et_pb_section_2 et_pb_section et_section_regular et_block_section\">\n<div class=\"et_pb_row_2 et_pb_row et_block_row\">\n<div class=\"et_pb_column_4 et_pb_column et_pb_column_4_4 et-last-child et_block_column et_pb_css_mix_blend_mode_passthrough\">\n<div class=\"et_pb_text_2 et_pb_text et_pb_bg_layout_light et_pb_module et_block_module\"><div class=\"et_pb_text_inner\"><h2>Projekte im Gesundheitswesen ansehen<\/h2>\n<p>In unseren Projekten zeigen wir, wie unsere Stromversorgungsl\u00f6sungen in der Praxis eingesetzt werden, von Notstroml\u00f6sungen bis hin zu gro\u00dfen Installationen, mit L\u00f6sungen, die sich in der Praxis bew\u00e4hrt haben.<\/p>\n<\/div><\/div>\n<\/div>\n<\/div>\n<\/div>\n\n<div class=\"et_pb_section_3 et_pb_section et_section_regular et_block_section\">\n<div class=\"et_pb_row_3 et_pb_row et_block_row\">\n<div class=\"et_pb_column_5 et_pb_column et_pb_column_4_4 et-last-child et_block_column et_pb_css_mix_blend_mode_passthrough\">\n<div class=\"et_pb_blog_0 et_pb_blog et_pb_bg_layout_light et_pb_posts et_pb_module blog-strepen\"><div class=\"et_pb_ajax_pagination_container\"><div class=\"et_pb_posts et_grid_module\"><article class=\"et_pb_post et_pb_post_id_9952 clearfix et_pb_blog_item_0_0 post-9952 post type-post status-publish format-standard has-post-thumbnail hentry category-industrie\"><div class=\"et_pb_image_container\"><a href=\"https:\/\/stratum-horst.makkerspreview.nl\/de\/testanlage-fuer-maschinenbauer\/\" class=\"entry-featured-image-url\"><img loading=\"lazy\" decoding=\"async\" src=\"https:\/\/stratum-horst.makkerspreview.nl\/wp-content\/uploads\/2026\/02\/van-stratum-horst-verhuur-loadbank-Froment-3.webp\" width=\"400\" height=\"284\" alt=\"Testanlage f\u00fcr Maschinenbauer\" class=\"\" srcset=\"https:\/\/stratum-horst.makkerspreview.nl\/wp-content\/uploads\/2026\/02\/van-stratum-horst-verhuur-loadbank-Froment-3.webp 479w, https:\/\/stratum-horst.makkerspreview.nl\/wp-content\/uploads\/2026\/02\/van-stratum-horst-verhuur-loadbank-Froment-3-400x284.webp 480w\" sizes=\"(max-width:479px) 479px, 100vw\" \/><span data-icon=\"\ue050\" class=\"et_overlay et_pb_inline_icon\"><\/span><\/a><\/div><h2 class=\"entry-title\"><a href=\"https:\/\/stratum-horst.makkerspreview.nl\/de\/testanlage-fuer-maschinenbauer\/\">Testanlage f\u00fcr Maschinenbauer<\/a><\/h2><p class=\"post-meta\"><\/p><div class=\"post-content\"><div class=\"post-content-inner\"><p>Wir liefern tempor\u00e4re Testanlagen, mit denen Maschinen unter verschiedenen Spannungen und Netzfrequenzen gepr\u00fcft werden k\u00f6nnen.<\/p>\n<\/div><a href=\"https:\/\/stratum-horst.makkerspreview.nl\/de\/testanlage-fuer-maschinenbauer\/\" class=\"more-link\">mehr lesen...<\/a><\/div><\/article><article class=\"et_pb_post et_pb_post_id_9954 clearfix et_pb_blog_item_0_1 post-9954 post type-post status-publish format-standard has-post-thumbnail hentry category-industrie\"><div class=\"et_pb_image_container\"><a href=\"https:\/\/stratum-horst.makkerspreview.nl\/de\/temporaere-stromversorgung-fuer-einen-kompostverarbeiter\/\" class=\"entry-featured-image-url\"><img loading=\"lazy\" decoding=\"async\" src=\"https:\/\/stratum-horst.makkerspreview.nl\/wp-content\/uploads\/2026\/02\/20240405_104223.webp\" width=\"400\" height=\"284\" alt=\"Tempor\u00e4re Stromversorgung f\u00fcr einen Kompostverarbeiter\" class=\"\" srcset=\"https:\/\/stratum-horst.makkerspreview.nl\/wp-content\/uploads\/2026\/02\/20240405_104223.webp 479w, https:\/\/stratum-horst.makkerspreview.nl\/wp-content\/uploads\/2026\/02\/20240405_104223-400x284.webp 480w\" sizes=\"(max-width:479px) 479px, 100vw\" \/><span data-icon=\"\ue050\" class=\"et_overlay et_pb_inline_icon\"><\/span><\/a><\/div><h2 class=\"entry-title\"><a href=\"https:\/\/stratum-horst.makkerspreview.nl\/de\/temporaere-stromversorgung-fuer-einen-kompostverarbeiter\/\">Tempor\u00e4re Stromversorgung f\u00fcr einen Kompostverarbeiter<\/a><\/h2><p class=\"post-meta\"><\/p><div class=\"post-content\"><div class=\"post-content-inner\"><p>Seit \u00fcber 15 Jahren versorgen wir einen Kompostverarbeiter bei Wartungsarbeiten oder zus\u00e4tzlichem Leistungsbedarf zuverl\u00e4ssig mit tempor\u00e4rem Strom.<\/p>\n<\/div><a href=\"https:\/\/stratum-horst.makkerspreview.nl\/de\/temporaere-stromversorgung-fuer-einen-kompostverarbeiter\/\" class=\"more-link\">mehr lesen...<\/a><\/div><\/article><article class=\"et_pb_post et_pb_post_id_9956 clearfix et_pb_blog_item_0_2 post-9956 post type-post status-publish format-standard has-post-thumbnail hentry category-veranstaltungen\"><div class=\"et_pb_image_container\"><a href=\"https:\/\/stratum-horst.makkerspreview.nl\/de\/temporaere-stromversorgung-fuer-eine-kirmes\/\" class=\"entry-featured-image-url\"><img loading=\"lazy\" decoding=\"async\" src=\"https:\/\/stratum-horst.makkerspreview.nl\/wp-content\/uploads\/2026\/02\/IMG_2579.jpg\" width=\"400\" height=\"284\" alt=\"Tempor\u00e4re Stromversorgung f\u00fcr eine Kirmes\" class=\"\" srcset=\"https:\/\/stratum-horst.makkerspreview.nl\/wp-content\/uploads\/2026\/02\/IMG_2579.jpg 479w, https:\/\/stratum-horst.makkerspreview.nl\/wp-content\/uploads\/2026\/02\/IMG_2579-400x284.jpg 480w\" sizes=\"(max-width:479px) 479px, 100vw\" \/><span data-icon=\"\ue050\" class=\"et_overlay et_pb_inline_icon\"><\/span><\/a><\/div><h2 class=\"entry-title\"><a href=\"https:\/\/stratum-horst.makkerspreview.nl\/de\/temporaere-stromversorgung-fuer-eine-kirmes\/\">Tempor\u00e4re Stromversorgung f\u00fcr eine Kirmes<\/a><\/h2><p class=\"post-meta\"><\/p><div class=\"post-content\"><div class=\"post-content-inner\"><p>Seit fast 30 Jahren sorgen wir f\u00fcr eine zuverl\u00e4ssige und effiziente tempor\u00e4re Stromversorgung f\u00fcr eine Kirmes.<\/p>\n<\/div><a href=\"https:\/\/stratum-horst.makkerspreview.nl\/de\/temporaere-stromversorgung-fuer-eine-kirmes\/\" class=\"more-link\">mehr lesen...<\/a><\/div><\/article><\/div><\/div><\/div>\n<\/div>\n<\/div>\n<\/div>\n\n<div class=\"et_pb_section_4 et_pb_section et_section_regular et_block_section\">\n<div class=\"et_pb_row_4 et_pb_row et_flex_row\">\n<div class=\"et_pb_column_6 et_pb_column et_flex_column et_pb_css_mix_blend_mode_passthrough et_flex_column_24_24 et_flex_column_24_24_tablet et_flex_column_24_24_phone\">\n<div class=\"et_pb_text_3 et_pb_text et_pb_bg_layout_light et_pb_module et_flex_module\"><div class=\"et_pb_text_inner\"><h2 style=\"text-align: left;\"><span style=\"color: #ff6600;\">Bereit f\u00fcr den n\u00e4chsten Schritt?<\/span><\/h2>\n<p>Keine Situation ist wie die andere. Deshalb besprechen wir gerne mit Ihnen, welcher Ansatz am besten passt. Nehmen Sie Kontakt mit unseren Spezialisten auf. Gemeinsam finden wir eine zuverl\u00e4ssige Stromversorgung nach Ma\u00df.<\/p>\n<\/div>\n<div class=\"et_pb_row_5 et_pb_row et_pb_row_nested et_flex_row\">\n<div class=\"et_pb_column_7 et_pb_column et_flex_column et_pb_css_mix_blend_mode_passthrough et_flex_column_12_24 et_flex_column_12_24_tablet et_flex_column_24_24_phone\">\n<div class=\"et_pb_module et_pb_button_module_wrapper et_pb_button_0_wrapper\"><a class=\"et_pb_button_0 et_pb_button et_pb_bg_layout_light et_pb_module et_block_module side-by-side-2\" href=\"\/de\/kontakt\/\">Kontakt aufnehmen<\/a><\/div>\n<\/div>\n\n<div class=\"et_pb_column_8 et_pb_column et-last-child et_flex_column et_pb_css_mix_blend_mode_passthrough et_flex_column_12_24 et_flex_column_12_24_tablet et_flex_column_24_24_phone\">\n<div class=\"et_pb_module et_pb_button_module_wrapper et_pb_button_1_wrapper\"><a class=\"et_pb_button_1 et_pb_button et_pb_bg_layout_light et_pb_module et_block_module side-by-side-2\" href=\"tel:31773981769\" target=\"_blank\" data-icon=\"\uf879\">+31 (0) 77 398 1769<\/a><\/div>\n<\/div>\n<\/div>\n<\/div>\n<\/div>\n\n<div class=\"et_pb_column_9 et_pb_column et-last-child et_flex_column et_pb_css_mix_blend_mode_passthrough et_flex_column_24_24 et_flex_column_24_24_tablet et_flex_column_24_24_phone\">\n<div class=\"et_pb_blurb_3 et_pb_blurb et_pb_bg_layout_light et_pb_blurb_position_left et_pb_module et_block_module\"><div class=\"et_pb_blurb_content\"><div class=\"et_pb_main_blurb_image\"><span class=\"et_pb_image_wrap\"><span class=\"et-pb-icon et-waypoint et_pb_animation_top et_pb_animation_top_tablet et_pb_animation_top_phone\">\uf00c<\/span><\/span><\/div><div class=\"et_pb_blurb_container\"><h4 class=\"et_pb_module_header\">Von der Planung bis zur Umsetzung aus einer Hand<\/h4><\/div><\/div><\/div>\n\n<div class=\"et_pb_blurb_4 et_pb_blurb et_pb_bg_layout_light et_pb_blurb_position_left et_pb_module et_block_module\"><div class=\"et_pb_blurb_content\"><div class=\"et_pb_main_blurb_image\"><span class=\"et_pb_image_wrap\"><span class=\"et-pb-icon et-waypoint et_pb_animation_top et_pb_animation_top_tablet et_pb_animation_top_phone\">\uf00c<\/span><\/span><\/div><div class=\"et_pb_blurb_container\"><h4 class=\"et_pb_module_header\">Flexibel und individuell abgestimmt<\/h4><\/div><\/div><\/div>\n\n<div class=\"et_pb_blurb_5 et_pb_blurb et_pb_bg_layout_light et_pb_blurb_position_left et_pb_module et_block_module\"><div class=\"et_pb_blurb_content\"><div class=\"et_pb_main_blurb_image\"><span class=\"et_pb_image_wrap\"><span class=\"et-pb-icon et-waypoint et_pb_animation_top et_pb_animation_top_tablet et_pb_animation_top_phone\">\uf00c<\/span><\/span><\/div><div class=\"et_pb_blurb_container\"><h4 class=\"et_pb_module_header\">Gepr\u00e4gt von Fachkompetenz und hochwertiger Technik<\/h4><\/div><\/div><\/div>\n<\/div>\n<\/div>\n<\/div>","protected":false},"excerpt":{"rendered":"","protected":false},"author":2,"featured_media":0,"parent":9758,"menu_order":0,"comment_status":"closed","ping_status":"closed","template":"","meta":{"footnotes":""},"class_list":["post-9763","page","type-page","status-publish","hentry"],"yoast_head":"<!-- This site is optimized with the Yoast SEO plugin v27.6 - https:\/\/yoast.com\/product\/yoast-seo-wordpress\/ -->\n<title>Gesundheitswesen - Van Stratum<\/title>\n<meta name=\"robots\" content=\"noindex, follow, max-snippet:-1, max-image-preview:large, max-video-preview:-1\" \/>\n<meta property=\"og:locale\" content=\"de_DE\" \/>\n<meta property=\"og:type\" content=\"article\" \/>\n<meta property=\"og:title\" content=\"Gesundheitswesen - Van Stratum\" \/>\n<meta property=\"og:url\" content=\"https:\/\/stratum-horst.makkerspreview.nl\/sectoren\/zorg-en-welzijn\/\" \/>\n<meta property=\"og:site_name\" content=\"Van Stratum\" \/>\n<meta property=\"article:publisher\" content=\"https:\/\/www.facebook.com\/VanStratumHorst\/\" \/>\n<meta property=\"article:modified_time\" content=\"2026-05-12T07:03:21+00:00\" \/>\n<meta name=\"twitter:card\" content=\"summary_large_image\" \/>\n<script type=\"application\/ld+json\" class=\"yoast-schema-graph\">{\"@context\":\"https:\\\/\\\/schema.org\",\"@graph\":[{\"@type\":\"WebPage\",\"@id\":\"https:\\\/\\\/stratum-horst.makkerspreview.nl\\\/sectoren\\\/zorg-en-welzijn\\\/\",\"url\":\"https:\\\/\\\/stratum-horst.makkerspreview.nl\\\/sectoren\\\/zorg-en-welzijn\\\/\",\"name\":\"Gesundheitswesen - Van Stratum\",\"isPartOf\":{\"@id\":\"https:\\\/\\\/stratum-horst.makkerspreview.nl\\\/en\\\/#website\"},\"datePublished\":\"2026-02-04T15:15:49+00:00\",\"dateModified\":\"2026-05-12T07:03:21+00:00\",\"breadcrumb\":{\"@id\":\"https:\\\/\\\/stratum-horst.makkerspreview.nl\\\/sectoren\\\/zorg-en-welzijn\\\/#breadcrumb\"},\"inLanguage\":\"de\",\"potentialAction\":[{\"@type\":\"ReadAction\",\"target\":[\"https:\\\/\\\/stratum-horst.makkerspreview.nl\\\/sectoren\\\/zorg-en-welzijn\\\/\"]}]},{\"@type\":\"BreadcrumbList\",\"@id\":\"https:\\\/\\\/stratum-horst.makkerspreview.nl\\\/sectoren\\\/zorg-en-welzijn\\\/#breadcrumb\",\"itemListElement\":[{\"@type\":\"ListItem\",\"position\":1,\"name\":\"Home\",\"item\":\"https:\\\/\\\/stratum-horst.makkerspreview.nl\\\/de\\\/\"},{\"@type\":\"ListItem\",\"position\":2,\"name\":\"Branchen\",\"item\":\"https:\\\/\\\/stratum-horst.makkerspreview.nl\\\/sectoren\\\/\"},{\"@type\":\"ListItem\",\"position\":3,\"name\":\"Gesundheitswesen\"}]},{\"@type\":\"WebSite\",\"@id\":\"https:\\\/\\\/stratum-horst.makkerspreview.nl\\\/en\\\/#website\",\"url\":\"https:\\\/\\\/stratum-horst.makkerspreview.nl\\\/en\\\/\",\"name\":\"Van Stratum\",\"description\":\"\",\"publisher\":{\"@id\":\"https:\\\/\\\/stratum-horst.makkerspreview.nl\\\/en\\\/#organization\"},\"potentialAction\":[{\"@type\":\"SearchAction\",\"target\":{\"@type\":\"EntryPoint\",\"urlTemplate\":\"https:\\\/\\\/stratum-horst.makkerspreview.nl\\\/en\\\/?s={search_term_string}\"},\"query-input\":{\"@type\":\"PropertyValueSpecification\",\"valueRequired\":true,\"valueName\":\"search_term_string\"}}],\"inLanguage\":\"de\"},{\"@type\":\"Organization\",\"@id\":\"https:\\\/\\\/stratum-horst.makkerspreview.nl\\\/en\\\/#organization\",\"name\":\"Van Stratum\",\"url\":\"https:\\\/\\\/stratum-horst.makkerspreview.nl\\\/en\\\/\",\"logo\":{\"@type\":\"ImageObject\",\"inLanguage\":\"de\",\"@id\":\"https:\\\/\\\/stratum-horst.makkerspreview.nl\\\/en\\\/#\\\/schema\\\/logo\\\/image\\\/\",\"url\":\"https:\\\/\\\/stratum-horst.makkerspreview.nl\\\/wp-content\\\/uploads\\\/2026\\\/03\\\/Logo-van-Stratum-Horst.png\",\"contentUrl\":\"https:\\\/\\\/stratum-horst.makkerspreview.nl\\\/wp-content\\\/uploads\\\/2026\\\/03\\\/Logo-van-Stratum-Horst.png\",\"width\":689,\"height\":176,\"caption\":\"Van Stratum\"},\"image\":{\"@id\":\"https:\\\/\\\/stratum-horst.makkerspreview.nl\\\/en\\\/#\\\/schema\\\/logo\\\/image\\\/\"},\"sameAs\":[\"https:\\\/\\\/www.facebook.com\\\/VanStratumHorst\\\/\",\"https:\\\/\\\/www.instagram.com\\\/vanstratumhorst\\\/\"]}]}<\/script>\n<!-- \/ Yoast SEO plugin. -->","yoast_head_json":{"title":"Gesundheitswesen - Van Stratum","robots":{"index":"noindex","follow":"follow","max-snippet":"max-snippet:-1","max-image-preview":"max-image-preview:large","max-video-preview":"max-video-preview:-1"},"og_locale":"de_DE","og_type":"article","og_title":"Gesundheitswesen - Van Stratum","og_url":"https:\/\/stratum-horst.makkerspreview.nl\/sectoren\/zorg-en-welzijn\/","og_site_name":"Van Stratum","article_publisher":"https:\/\/www.facebook.com\/VanStratumHorst\/","article_modified_time":"2026-05-12T07:03:21+00:00","twitter_card":"summary_large_image","schema":{"@context":"https:\/\/schema.org","@graph":[{"@type":"WebPage","@id":"https:\/\/stratum-horst.makkerspreview.nl\/sectoren\/zorg-en-welzijn\/","url":"https:\/\/stratum-horst.makkerspreview.nl\/sectoren\/zorg-en-welzijn\/","name":"Gesundheitswesen - Van Stratum","isPartOf":{"@id":"https:\/\/stratum-horst.makkerspreview.nl\/en\/#website"},"datePublished":"2026-02-04T15:15:49+00:00","dateModified":"2026-05-12T07:03:21+00:00","breadcrumb":{"@id":"https:\/\/stratum-horst.makkerspreview.nl\/sectoren\/zorg-en-welzijn\/#breadcrumb"},"inLanguage":"de","potentialAction":[{"@type":"ReadAction","target":["https:\/\/stratum-horst.makkerspreview.nl\/sectoren\/zorg-en-welzijn\/"]}]},{"@type":"BreadcrumbList","@id":"https:\/\/stratum-horst.makkerspreview.nl\/sectoren\/zorg-en-welzijn\/#breadcrumb","itemListElement":[{"@type":"ListItem","position":1,"name":"Home","item":"https:\/\/stratum-horst.makkerspreview.nl\/de\/"},{"@type":"ListItem","position":2,"name":"Branchen","item":"https:\/\/stratum-horst.makkerspreview.nl\/sectoren\/"},{"@type":"ListItem","position":3,"name":"Gesundheitswesen"}]},{"@type":"WebSite","@id":"https:\/\/stratum-horst.makkerspreview.nl\/en\/#website","url":"https:\/\/stratum-horst.makkerspreview.nl\/en\/","name":"Van Stratum","description":"","publisher":{"@id":"https:\/\/stratum-horst.makkerspreview.nl\/en\/#organization"},"potentialAction":[{"@type":"SearchAction","target":{"@type":"EntryPoint","urlTemplate":"https:\/\/stratum-horst.makkerspreview.nl\/en\/?s={search_term_string}"},"query-input":{"@type":"PropertyValueSpecification","valueRequired":true,"valueName":"search_term_string"}}],"inLanguage":"de"},{"@type":"Organization","@id":"https:\/\/stratum-horst.makkerspreview.nl\/en\/#organization","name":"Van Stratum","url":"https:\/\/stratum-horst.makkerspreview.nl\/en\/","logo":{"@type":"ImageObject","inLanguage":"de","@id":"https:\/\/stratum-horst.makkerspreview.nl\/en\/#\/schema\/logo\/image\/","url":"https:\/\/stratum-horst.makkerspreview.nl\/wp-content\/uploads\/2026\/03\/Logo-van-Stratum-Horst.png","contentUrl":"https:\/\/stratum-horst.makkerspreview.nl\/wp-content\/uploads\/2026\/03\/Logo-van-Stratum-Horst.png","width":689,"height":176,"caption":"Van Stratum"},"image":{"@id":"https:\/\/stratum-horst.makkerspreview.nl\/en\/#\/schema\/logo\/image\/"},"sameAs":["https:\/\/www.facebook.com\/VanStratumHorst\/","https:\/\/www.instagram.com\/vanstratumhorst\/"]}]}},"_links":{"self":[{"href":"https:\/\/stratum-horst.makkerspreview.nl\/de\/wp-json\/wp\/v2\/pages\/9763","targetHints":{"allow":["GET"]}}],"collection":[{"href":"https:\/\/stratum-horst.makkerspreview.nl\/de\/wp-json\/wp\/v2\/pages"}],"about":[{"href":"https:\/\/stratum-horst.makkerspreview.nl\/de\/wp-json\/wp\/v2\/types\/page"}],"author":[{"embeddable":true,"href":"https:\/\/stratum-horst.makkerspreview.nl\/de\/wp-json\/wp\/v2\/users\/2"}],"replies":[{"embeddable":true,"href":"https:\/\/stratum-horst.makkerspreview.nl\/de\/wp-json\/wp\/v2\/comments?post=9763"}],"version-history":[{"count":5,"href":"https:\/\/stratum-horst.makkerspreview.nl\/de\/wp-json\/wp\/v2\/pages\/9763\/revisions"}],"predecessor-version":[{"id":10190,"href":"https:\/\/stratum-horst.makkerspreview.nl\/de\/wp-json\/wp\/v2\/pages\/9763\/revisions\/10190"}],"up":[{"embeddable":true,"href":"https:\/\/stratum-horst.makkerspreview.nl\/de\/wp-json\/wp\/v2\/pages\/9758"}],"wp:attachment":[{"href":"https:\/\/stratum-horst.makkerspreview.nl\/de\/wp-json\/wp\/v2\/media?parent=9763"}],"curies":[{"name":"wp","href":"https:\/\/api.w.org\/{rel}","templated":true}]}}