{"id":9761,"date":"2026-02-10T13:43:18","date_gmt":"2026-02-10T13:43:18","guid":{"rendered":"https:\/\/stratum-horst.makkerspreview.nl\/branchen\/infrastruktur-und-bau\/"},"modified":"2026-05-12T07:05:28","modified_gmt":"2026-05-12T07:05:28","slug":"infrastruktur-und-bau","status":"publish","type":"page","link":"https:\/\/stratum-horst.makkerspreview.nl\/de\/branchen\/infrastruktur-und-bau\/","title":{"rendered":"Infrastruktur und Bau"},"content":{"rendered":"<div class=\"et_pb_section_0 et_pb_section et_section_regular et_flex_section\">\n<div class=\"et_pb_row_0 et_pb_row et_flex_row\">\n<div class=\"et_pb_column_0 et_pb_column et_flex_column et_pb_css_mix_blend_mode_passthrough et_flex_column_2_5 et_flex_column_2_5_tablet et_flex_column_24_24_phone\">\n<div class=\"et_pb_text_0 et_pb_text et_pb_bg_layout_light et_pb_module et_block_module\"><div class=\"et_pb_text_inner\"><h1>Infrastruktur und Bau<\/h1>\n<\/div><\/div>\n<\/div>\n\n<div class=\"et_pb_column_1 et_pb_column et-last-child et_flex_column et_pb_css_mix_blend_mode_passthrough et_flex_column_2_5 et_flex_column_2_5_tablet et_flex_column_24_24_phone\">\n<div class=\"et_pb_blurb_0 et_pb_blurb et_pb_bg_layout_light et_pb_blurb_position_left et_pb_module et_block_module\"><div class=\"et_pb_blurb_content\"><div class=\"et_pb_main_blurb_image\"><span class=\"et_pb_image_wrap\"><span class=\"et-pb-icon et-waypoint et_pb_animation_top et_pb_animation_top_tablet et_pb_animation_top_phone\">\uf00c<\/span><\/span><\/div><div class=\"et_pb_blurb_container\"><h4 class=\"et_pb_module_header\">Zuverl\u00e4ssige Stromversorgung f\u00fcr Bauprojekte und Wartungsarbeiten<\/h4><\/div><\/div><\/div>\n\n<div class=\"et_pb_blurb_1 et_pb_blurb et_pb_bg_layout_light et_pb_blurb_position_left et_pb_module et_block_module\"><div class=\"et_pb_blurb_content\"><div class=\"et_pb_main_blurb_image\"><span class=\"et_pb_image_wrap\"><span class=\"et-pb-icon et-waypoint et_pb_animation_top et_pb_animation_top_tablet et_pb_animation_top_phone\">\uf00c<\/span><\/span><\/div><div class=\"et_pb_blurb_container\"><h4 class=\"et_pb_module_header\">Flexible Einsatzm\u00f6glichkeiten bei tempor\u00e4ren Projekten und wechselnden Standorten<\/h4><\/div><\/div><\/div>\n\n<div class=\"et_pb_blurb_2 et_pb_blurb et_pb_bg_layout_light et_pb_blurb_position_left et_pb_module et_block_module\"><div class=\"et_pb_blurb_content\"><div class=\"et_pb_main_blurb_image\"><span class=\"et_pb_image_wrap\"><span class=\"et-pb-icon et-waypoint et_pb_animation_top et_pb_animation_top_tablet et_pb_animation_top_phone\">\uf00c<\/span><\/span><\/div><div class=\"et_pb_blurb_container\"><h4 class=\"et_pb_module_header\">Sicher ausgelegte Installationen f\u00fcr den Einsatz im \u00f6ffentlichen Raum<\/h4><\/div><\/div><\/div>\n<\/div>\n<\/div>\n<\/div>\n\n<div class=\"et_pb_section_1 et_pb_section et_section_regular et_block_section\">\n<div class=\"et_pb_row_1 et_pb_row et_flex_row\">\n<div class=\"et_pb_column_2 et_pb_column et_flex_column et_pb_css_mix_blend_mode_passthrough et_flex_column_12_24 et_flex_column_12_24_tablet et_flex_column_24_24_phone\">\n<div class=\"et_pb_image_0 et_pb_image et_pb_module et_flex_module\"><span class=\"et_pb_image_wrap\"><img loading=\"lazy\" decoding=\"async\" src=\"https:\/\/stratum-horst.makkerspreview.nl\/wp-content\/uploads\/2026\/02\/afb-Infra-en-bouw.jpg\" title=\"afb Infra en bouw\" width=\"900\" height=\"850\" srcset=\"https:\/\/stratum-horst.makkerspreview.nl\/wp-content\/uploads\/2026\/02\/afb-Infra-en-bouw.jpg 900w, https:\/\/stratum-horst.makkerspreview.nl\/wp-content\/uploads\/2026\/02\/afb-Infra-en-bouw-480x453.jpg 480w\" sizes=\"(min-width: 0px) and (max-width: 480px) 480px, (min-width: 481px) 900px, 100vw\" class=\"wp-image-8976\" \/><\/span><\/div>\n<\/div>\n\n<div class=\"et_pb_column_3 et_pb_column et-last-child et_flex_column et_pb_css_mix_blend_mode_passthrough et_flex_column_12_24 et_flex_column_12_24_tablet et_flex_column_24_24_phone\">\n<div class=\"et_pb_text_1 et_pb_text et_pb_bg_layout_light et_pb_module et_flex_module\"><div class=\"et_pb_text_inner\"><p>Bei Infrastrukturprojekten stehen Kontinuit\u00e4t und Sicherheit im Mittelpunkt. Arbeiten an Stra\u00dfen, Br\u00fccken oder Schienen d\u00fcrfen nicht wegen fehlender Stromversorgung zum Stillstand kommen. Wir liefern tempor\u00e4re Stromversorgungsl\u00f6sungen, die sofort einsatzbereit sind und mit den Anforderungen des Projekts mitwachsen.<\/p>\n<p>Wir liefern Batteriesysteme, Stromaggregate, Transformatoren, Stromverteiler und Beleuchtung, die optimal auf die jeweilige Situation abgestimmt sind. Kabel verlegen wir sicher mit Kabelbr\u00fccken, und bei Bedarf setzen wir schallged\u00e4mpfte Aggregate oder mobile Schallschutzw\u00e4nde ein, um die Belastung f\u00fcr die Umgebung zu reduzieren.<\/p>\n<p>Dank unserer Erfahrung mit Projekten im \u00f6ffentlichen Raum wissen wir, wie wichtig Sicherheit, Zug\u00e4nglichkeit und Zuverl\u00e4ssigkeit sind. Wir unterst\u00fctzen Sie bereits bei der Planung und sorgen daf\u00fcr, dass die Stromversorgung kein Hindernis darstellt, sondern zuverl\u00e4ssig funktioniert.<\/p>\n<\/div><\/div>\n<\/div>\n<\/div>\n<\/div>\n\n<div class=\"et_pb_section_2 et_pb_section et_section_regular et_block_section\">\n<div class=\"et_pb_row_2 et_pb_row et_block_row\">\n<div class=\"et_pb_column_4 et_pb_column et_pb_column_4_4 et-last-child et_block_column et_pb_css_mix_blend_mode_passthrough\">\n<div class=\"et_pb_text_2 et_pb_text et_pb_bg_layout_light et_pb_module et_block_module\"><div class=\"et_pb_text_inner\"><h2>Weitere Projekte ansehen<\/h2>\n<p>In unseren Projekten zeigen wir, wie unsere Stromversorgungsl\u00f6sungen in der Praxis eingesetzt werden. Wir unterst\u00fctzen Sie bereits bei der Planung, stets mit L\u00f6sungen, die sich in der Praxis bew\u00e4hrt haben.<\/p>\n<\/div><\/div>\n<\/div>\n<\/div>\n<\/div>\n\n<div class=\"et_pb_section_3 et_pb_section et_section_regular et_block_section\">\n<div class=\"et_pb_row_3 et_pb_row et_block_row\">\n<div class=\"et_pb_column_5 et_pb_column et_pb_column_4_4 et-last-child et_block_column et_pb_css_mix_blend_mode_passthrough\">\n<div class=\"et_pb_blog_0 et_pb_blog et_pb_bg_layout_light et_pb_posts et_pb_module blog-strepen\"><div class=\"et_pb_ajax_pagination_container\"><div class=\"et_pb_posts et_grid_module\"><article class=\"et_pb_post et_pb_post_id_9952 clearfix et_pb_blog_item_0_0 post-9952 post type-post status-publish format-standard has-post-thumbnail hentry category-industrie\"><div class=\"et_pb_image_container\"><a href=\"https:\/\/stratum-horst.makkerspreview.nl\/de\/testanlage-fuer-maschinenbauer\/\" class=\"entry-featured-image-url\"><img loading=\"lazy\" decoding=\"async\" src=\"https:\/\/stratum-horst.makkerspreview.nl\/wp-content\/uploads\/2026\/02\/van-stratum-horst-verhuur-loadbank-Froment-3.webp\" width=\"400\" height=\"284\" alt=\"Testanlage f\u00fcr Maschinenbauer\" class=\"\" srcset=\"https:\/\/stratum-horst.makkerspreview.nl\/wp-content\/uploads\/2026\/02\/van-stratum-horst-verhuur-loadbank-Froment-3.webp 479w, https:\/\/stratum-horst.makkerspreview.nl\/wp-content\/uploads\/2026\/02\/van-stratum-horst-verhuur-loadbank-Froment-3-400x284.webp 480w\" sizes=\"(max-width:479px) 479px, 100vw\" \/><span data-icon=\"\ue050\" class=\"et_overlay et_pb_inline_icon\"><\/span><\/a><\/div><h2 class=\"entry-title\"><a href=\"https:\/\/stratum-horst.makkerspreview.nl\/de\/testanlage-fuer-maschinenbauer\/\">Testanlage f\u00fcr Maschinenbauer<\/a><\/h2><p class=\"post-meta\"><\/p><div class=\"post-content\"><div class=\"post-content-inner\"><p>Wir liefern tempor\u00e4re Testanlagen, mit denen Maschinen unter verschiedenen Spannungen und Netzfrequenzen gepr\u00fcft werden k\u00f6nnen.<\/p>\n<\/div><a href=\"https:\/\/stratum-horst.makkerspreview.nl\/de\/testanlage-fuer-maschinenbauer\/\" class=\"more-link\">mehr lesen...<\/a><\/div><\/article><article class=\"et_pb_post et_pb_post_id_9954 clearfix et_pb_blog_item_0_1 post-9954 post type-post status-publish format-standard has-post-thumbnail hentry category-industrie\"><div class=\"et_pb_image_container\"><a href=\"https:\/\/stratum-horst.makkerspreview.nl\/de\/temporaere-stromversorgung-fuer-einen-kompostverarbeiter\/\" class=\"entry-featured-image-url\"><img loading=\"lazy\" decoding=\"async\" src=\"https:\/\/stratum-horst.makkerspreview.nl\/wp-content\/uploads\/2026\/02\/20240405_104223.webp\" width=\"400\" height=\"284\" alt=\"Tempor\u00e4re Stromversorgung f\u00fcr einen Kompostverarbeiter\" class=\"\" srcset=\"https:\/\/stratum-horst.makkerspreview.nl\/wp-content\/uploads\/2026\/02\/20240405_104223.webp 479w, https:\/\/stratum-horst.makkerspreview.nl\/wp-content\/uploads\/2026\/02\/20240405_104223-400x284.webp 480w\" sizes=\"(max-width:479px) 479px, 100vw\" \/><span data-icon=\"\ue050\" class=\"et_overlay et_pb_inline_icon\"><\/span><\/a><\/div><h2 class=\"entry-title\"><a href=\"https:\/\/stratum-horst.makkerspreview.nl\/de\/temporaere-stromversorgung-fuer-einen-kompostverarbeiter\/\">Tempor\u00e4re Stromversorgung f\u00fcr einen Kompostverarbeiter<\/a><\/h2><p class=\"post-meta\"><\/p><div class=\"post-content\"><div class=\"post-content-inner\"><p>Seit \u00fcber 15 Jahren versorgen wir einen Kompostverarbeiter bei Wartungsarbeiten oder zus\u00e4tzlichem Leistungsbedarf zuverl\u00e4ssig mit tempor\u00e4rem Strom.<\/p>\n<\/div><a href=\"https:\/\/stratum-horst.makkerspreview.nl\/de\/temporaere-stromversorgung-fuer-einen-kompostverarbeiter\/\" class=\"more-link\">mehr lesen...<\/a><\/div><\/article><article class=\"et_pb_post et_pb_post_id_9956 clearfix et_pb_blog_item_0_2 post-9956 post type-post status-publish format-standard has-post-thumbnail hentry category-veranstaltungen\"><div class=\"et_pb_image_container\"><a href=\"https:\/\/stratum-horst.makkerspreview.nl\/de\/temporaere-stromversorgung-fuer-eine-kirmes\/\" class=\"entry-featured-image-url\"><img loading=\"lazy\" decoding=\"async\" src=\"https:\/\/stratum-horst.makkerspreview.nl\/wp-content\/uploads\/2026\/02\/IMG_2579.jpg\" width=\"400\" height=\"284\" alt=\"Tempor\u00e4re Stromversorgung f\u00fcr eine Kirmes\" class=\"\" srcset=\"https:\/\/stratum-horst.makkerspreview.nl\/wp-content\/uploads\/2026\/02\/IMG_2579.jpg 479w, https:\/\/stratum-horst.makkerspreview.nl\/wp-content\/uploads\/2026\/02\/IMG_2579-400x284.jpg 480w\" sizes=\"(max-width:479px) 479px, 100vw\" \/><span data-icon=\"\ue050\" class=\"et_overlay et_pb_inline_icon\"><\/span><\/a><\/div><h2 class=\"entry-title\"><a href=\"https:\/\/stratum-horst.makkerspreview.nl\/de\/temporaere-stromversorgung-fuer-eine-kirmes\/\">Tempor\u00e4re Stromversorgung f\u00fcr eine Kirmes<\/a><\/h2><p class=\"post-meta\"><\/p><div class=\"post-content\"><div class=\"post-content-inner\"><p>Seit fast 30 Jahren sorgen wir f\u00fcr eine zuverl\u00e4ssige und effiziente tempor\u00e4re Stromversorgung f\u00fcr eine Kirmes.<\/p>\n<\/div><a href=\"https:\/\/stratum-horst.makkerspreview.nl\/de\/temporaere-stromversorgung-fuer-eine-kirmes\/\" class=\"more-link\">mehr lesen...<\/a><\/div><\/article><\/div><\/div><\/div>\n<\/div>\n<\/div>\n<\/div>\n\n<div class=\"et_pb_section_4 et_pb_section et_section_regular et_block_section\">\n<div class=\"et_pb_row_4 et_pb_row et_flex_row\">\n<div class=\"et_pb_column_6 et_pb_column et_flex_column et_pb_css_mix_blend_mode_passthrough et_flex_column_24_24 et_flex_column_24_24_tablet et_flex_column_24_24_phone\">\n<div class=\"et_pb_text_3 et_pb_text et_pb_bg_layout_light et_pb_module et_flex_module\"><div class=\"et_pb_text_inner\"><h2 style=\"text-align: left;\"><span style=\"color: #ff6600;\">Mehr \u00fcber unsere Vorgehensweise erfahren?<\/span><\/h2>\n<p>Wir zeigen Ihnen gerne, wie wir tempor\u00e4re Stromversorgung zuverl\u00e4ssig und reibungslos umsetzen. Von der Beratung bis zur Umsetzung stellen wir sicher, dass alles optimal abgestimmt ist.<\/p>\n<\/div>\n<div class=\"et_pb_row_5 et_pb_row et_pb_row_nested et_flex_row\">\n<div class=\"et_pb_column_7 et_pb_column et_flex_column et_pb_css_mix_blend_mode_passthrough et_flex_column_12_24 et_flex_column_12_24_tablet et_flex_column_24_24_phone\">\n<div class=\"et_pb_module et_pb_button_module_wrapper et_pb_button_0_wrapper\"><a class=\"et_pb_button_0 et_pb_button et_pb_bg_layout_light et_pb_module et_block_module side-by-side-2\" href=\"\/de\/kontakt\/\">Kontakt aufnehmen<\/a><\/div>\n<\/div>\n\n<div class=\"et_pb_column_8 et_pb_column et-last-child et_flex_column et_pb_css_mix_blend_mode_passthrough et_flex_column_12_24 et_flex_column_12_24_tablet et_flex_column_24_24_phone\">\n<div class=\"et_pb_module et_pb_button_module_wrapper et_pb_button_1_wrapper\"><a class=\"et_pb_button_1 et_pb_button et_pb_bg_layout_light et_pb_module et_block_module side-by-side-2\" href=\"tel:31773981769\" target=\"_blank\" data-icon=\"\uf879\">+31 (0) 77 398 1769<\/a><\/div>\n<\/div>\n<\/div>\n<\/div>\n<\/div>\n\n<div class=\"et_pb_column_9 et_pb_column et-last-child et_flex_column et_pb_css_mix_blend_mode_passthrough et_flex_column_24_24 et_flex_column_24_24_tablet et_flex_column_24_24_phone\">\n<div class=\"et_pb_blurb_3 et_pb_blurb et_pb_bg_layout_light et_pb_blurb_position_left et_pb_module et_block_module\"><div class=\"et_pb_blurb_content\"><div class=\"et_pb_main_blurb_image\"><span class=\"et_pb_image_wrap\"><span class=\"et-pb-icon et-waypoint et_pb_animation_top et_pb_animation_top_tablet et_pb_animation_top_phone\">\uf00c<\/span><\/span><\/div><div class=\"et_pb_blurb_container\"><h4 class=\"et_pb_module_header\">Von der Planung bis zur Umsetzung aus einer Hand<\/h4><\/div><\/div><\/div>\n\n<div class=\"et_pb_blurb_4 et_pb_blurb et_pb_bg_layout_light et_pb_blurb_position_left et_pb_module et_block_module\"><div class=\"et_pb_blurb_content\"><div class=\"et_pb_main_blurb_image\"><span class=\"et_pb_image_wrap\"><span class=\"et-pb-icon et-waypoint et_pb_animation_top et_pb_animation_top_tablet et_pb_animation_top_phone\">\uf00c<\/span><\/span><\/div><div class=\"et_pb_blurb_container\"><h4 class=\"et_pb_module_header\">Flexibel und individuell abgestimmt<\/h4><\/div><\/div><\/div>\n\n<div class=\"et_pb_blurb_5 et_pb_blurb et_pb_bg_layout_light et_pb_blurb_position_left et_pb_module et_block_module\"><div class=\"et_pb_blurb_content\"><div class=\"et_pb_main_blurb_image\"><span class=\"et_pb_image_wrap\"><span class=\"et-pb-icon et-waypoint et_pb_animation_top et_pb_animation_top_tablet et_pb_animation_top_phone\">\uf00c<\/span><\/span><\/div><div class=\"et_pb_blurb_container\"><h4 class=\"et_pb_module_header\">Gepr\u00e4gt von Fachkompetenz und hochwertiger Technik<\/h4><\/div><\/div><\/div>\n<\/div>\n<\/div>\n<\/div>","protected":false},"excerpt":{"rendered":"","protected":false},"author":4,"featured_media":0,"parent":9758,"menu_order":0,"comment_status":"closed","ping_status":"closed","template":"","meta":{"footnotes":""},"class_list":["post-9761","page","type-page","status-publish","hentry"],"yoast_head":"<!-- This site is optimized with the Yoast SEO plugin v27.6 - https:\/\/yoast.com\/product\/yoast-seo-wordpress\/ -->\n<title>Infrastruktur und Bau - Van Stratum<\/title>\n<meta name=\"robots\" content=\"noindex, follow, max-snippet:-1, max-image-preview:large, max-video-preview:-1\" \/>\n<meta property=\"og:locale\" content=\"de_DE\" \/>\n<meta property=\"og:type\" content=\"article\" \/>\n<meta property=\"og:title\" content=\"Infrastruktur und Bau - Van Stratum\" \/>\n<meta property=\"og:url\" content=\"https:\/\/stratum-horst.makkerspreview.nl\/sectoren\/infra-en-bouw\/\" \/>\n<meta property=\"og:site_name\" content=\"Van Stratum\" \/>\n<meta property=\"article:publisher\" content=\"https:\/\/www.facebook.com\/VanStratumHorst\/\" \/>\n<meta property=\"article:modified_time\" content=\"2026-05-12T07:05:28+00:00\" \/>\n<meta name=\"twitter:card\" content=\"summary_large_image\" \/>\n<script type=\"application\/ld+json\" class=\"yoast-schema-graph\">{\"@context\":\"https:\\\/\\\/schema.org\",\"@graph\":[{\"@type\":\"WebPage\",\"@id\":\"https:\\\/\\\/stratum-horst.makkerspreview.nl\\\/sectoren\\\/infra-en-bouw\\\/\",\"url\":\"https:\\\/\\\/stratum-horst.makkerspreview.nl\\\/sectoren\\\/infra-en-bouw\\\/\",\"name\":\"Infrastruktur und Bau - Van Stratum\",\"isPartOf\":{\"@id\":\"https:\\\/\\\/stratum-horst.makkerspreview.nl\\\/en\\\/#website\"},\"datePublished\":\"2026-02-10T13:43:18+00:00\",\"dateModified\":\"2026-05-12T07:05:28+00:00\",\"breadcrumb\":{\"@id\":\"https:\\\/\\\/stratum-horst.makkerspreview.nl\\\/sectoren\\\/infra-en-bouw\\\/#breadcrumb\"},\"inLanguage\":\"de\",\"potentialAction\":[{\"@type\":\"ReadAction\",\"target\":[\"https:\\\/\\\/stratum-horst.makkerspreview.nl\\\/sectoren\\\/infra-en-bouw\\\/\"]}]},{\"@type\":\"BreadcrumbList\",\"@id\":\"https:\\\/\\\/stratum-horst.makkerspreview.nl\\\/sectoren\\\/infra-en-bouw\\\/#breadcrumb\",\"itemListElement\":[{\"@type\":\"ListItem\",\"position\":1,\"name\":\"Home\",\"item\":\"https:\\\/\\\/stratum-horst.makkerspreview.nl\\\/de\\\/\"},{\"@type\":\"ListItem\",\"position\":2,\"name\":\"Branchen\",\"item\":\"https:\\\/\\\/stratum-horst.makkerspreview.nl\\\/sectoren\\\/\"},{\"@type\":\"ListItem\",\"position\":3,\"name\":\"Infrastruktur und Bau\"}]},{\"@type\":\"WebSite\",\"@id\":\"https:\\\/\\\/stratum-horst.makkerspreview.nl\\\/en\\\/#website\",\"url\":\"https:\\\/\\\/stratum-horst.makkerspreview.nl\\\/en\\\/\",\"name\":\"Van Stratum\",\"description\":\"\",\"publisher\":{\"@id\":\"https:\\\/\\\/stratum-horst.makkerspreview.nl\\\/en\\\/#organization\"},\"potentialAction\":[{\"@type\":\"SearchAction\",\"target\":{\"@type\":\"EntryPoint\",\"urlTemplate\":\"https:\\\/\\\/stratum-horst.makkerspreview.nl\\\/en\\\/?s={search_term_string}\"},\"query-input\":{\"@type\":\"PropertyValueSpecification\",\"valueRequired\":true,\"valueName\":\"search_term_string\"}}],\"inLanguage\":\"de\"},{\"@type\":\"Organization\",\"@id\":\"https:\\\/\\\/stratum-horst.makkerspreview.nl\\\/en\\\/#organization\",\"name\":\"Van Stratum\",\"url\":\"https:\\\/\\\/stratum-horst.makkerspreview.nl\\\/en\\\/\",\"logo\":{\"@type\":\"ImageObject\",\"inLanguage\":\"de\",\"@id\":\"https:\\\/\\\/stratum-horst.makkerspreview.nl\\\/en\\\/#\\\/schema\\\/logo\\\/image\\\/\",\"url\":\"https:\\\/\\\/stratum-horst.makkerspreview.nl\\\/wp-content\\\/uploads\\\/2026\\\/03\\\/Logo-van-Stratum-Horst.png\",\"contentUrl\":\"https:\\\/\\\/stratum-horst.makkerspreview.nl\\\/wp-content\\\/uploads\\\/2026\\\/03\\\/Logo-van-Stratum-Horst.png\",\"width\":689,\"height\":176,\"caption\":\"Van Stratum\"},\"image\":{\"@id\":\"https:\\\/\\\/stratum-horst.makkerspreview.nl\\\/en\\\/#\\\/schema\\\/logo\\\/image\\\/\"},\"sameAs\":[\"https:\\\/\\\/www.facebook.com\\\/VanStratumHorst\\\/\",\"https:\\\/\\\/www.instagram.com\\\/vanstratumhorst\\\/\"]}]}<\/script>\n<!-- \/ Yoast SEO plugin. -->","yoast_head_json":{"title":"Infrastruktur und Bau - Van Stratum","robots":{"index":"noindex","follow":"follow","max-snippet":"max-snippet:-1","max-image-preview":"max-image-preview:large","max-video-preview":"max-video-preview:-1"},"og_locale":"de_DE","og_type":"article","og_title":"Infrastruktur und Bau - Van Stratum","og_url":"https:\/\/stratum-horst.makkerspreview.nl\/sectoren\/infra-en-bouw\/","og_site_name":"Van Stratum","article_publisher":"https:\/\/www.facebook.com\/VanStratumHorst\/","article_modified_time":"2026-05-12T07:05:28+00:00","twitter_card":"summary_large_image","schema":{"@context":"https:\/\/schema.org","@graph":[{"@type":"WebPage","@id":"https:\/\/stratum-horst.makkerspreview.nl\/sectoren\/infra-en-bouw\/","url":"https:\/\/stratum-horst.makkerspreview.nl\/sectoren\/infra-en-bouw\/","name":"Infrastruktur und Bau - Van Stratum","isPartOf":{"@id":"https:\/\/stratum-horst.makkerspreview.nl\/en\/#website"},"datePublished":"2026-02-10T13:43:18+00:00","dateModified":"2026-05-12T07:05:28+00:00","breadcrumb":{"@id":"https:\/\/stratum-horst.makkerspreview.nl\/sectoren\/infra-en-bouw\/#breadcrumb"},"inLanguage":"de","potentialAction":[{"@type":"ReadAction","target":["https:\/\/stratum-horst.makkerspreview.nl\/sectoren\/infra-en-bouw\/"]}]},{"@type":"BreadcrumbList","@id":"https:\/\/stratum-horst.makkerspreview.nl\/sectoren\/infra-en-bouw\/#breadcrumb","itemListElement":[{"@type":"ListItem","position":1,"name":"Home","item":"https:\/\/stratum-horst.makkerspreview.nl\/de\/"},{"@type":"ListItem","position":2,"name":"Branchen","item":"https:\/\/stratum-horst.makkerspreview.nl\/sectoren\/"},{"@type":"ListItem","position":3,"name":"Infrastruktur und Bau"}]},{"@type":"WebSite","@id":"https:\/\/stratum-horst.makkerspreview.nl\/en\/#website","url":"https:\/\/stratum-horst.makkerspreview.nl\/en\/","name":"Van Stratum","description":"","publisher":{"@id":"https:\/\/stratum-horst.makkerspreview.nl\/en\/#organization"},"potentialAction":[{"@type":"SearchAction","target":{"@type":"EntryPoint","urlTemplate":"https:\/\/stratum-horst.makkerspreview.nl\/en\/?s={search_term_string}"},"query-input":{"@type":"PropertyValueSpecification","valueRequired":true,"valueName":"search_term_string"}}],"inLanguage":"de"},{"@type":"Organization","@id":"https:\/\/stratum-horst.makkerspreview.nl\/en\/#organization","name":"Van Stratum","url":"https:\/\/stratum-horst.makkerspreview.nl\/en\/","logo":{"@type":"ImageObject","inLanguage":"de","@id":"https:\/\/stratum-horst.makkerspreview.nl\/en\/#\/schema\/logo\/image\/","url":"https:\/\/stratum-horst.makkerspreview.nl\/wp-content\/uploads\/2026\/03\/Logo-van-Stratum-Horst.png","contentUrl":"https:\/\/stratum-horst.makkerspreview.nl\/wp-content\/uploads\/2026\/03\/Logo-van-Stratum-Horst.png","width":689,"height":176,"caption":"Van Stratum"},"image":{"@id":"https:\/\/stratum-horst.makkerspreview.nl\/en\/#\/schema\/logo\/image\/"},"sameAs":["https:\/\/www.facebook.com\/VanStratumHorst\/","https:\/\/www.instagram.com\/vanstratumhorst\/"]}]}},"_links":{"self":[{"href":"https:\/\/stratum-horst.makkerspreview.nl\/de\/wp-json\/wp\/v2\/pages\/9761","targetHints":{"allow":["GET"]}}],"collection":[{"href":"https:\/\/stratum-horst.makkerspreview.nl\/de\/wp-json\/wp\/v2\/pages"}],"about":[{"href":"https:\/\/stratum-horst.makkerspreview.nl\/de\/wp-json\/wp\/v2\/types\/page"}],"author":[{"embeddable":true,"href":"https:\/\/stratum-horst.makkerspreview.nl\/de\/wp-json\/wp\/v2\/users\/4"}],"replies":[{"embeddable":true,"href":"https:\/\/stratum-horst.makkerspreview.nl\/de\/wp-json\/wp\/v2\/comments?post=9761"}],"version-history":[{"count":4,"href":"https:\/\/stratum-horst.makkerspreview.nl\/de\/wp-json\/wp\/v2\/pages\/9761\/revisions"}],"predecessor-version":[{"id":10192,"href":"https:\/\/stratum-horst.makkerspreview.nl\/de\/wp-json\/wp\/v2\/pages\/9761\/revisions\/10192"}],"up":[{"embeddable":true,"href":"https:\/\/stratum-horst.makkerspreview.nl\/de\/wp-json\/wp\/v2\/pages\/9758"}],"wp:attachment":[{"href":"https:\/\/stratum-horst.makkerspreview.nl\/de\/wp-json\/wp\/v2\/media?parent=9761"}],"curies":[{"name":"wp","href":"https:\/\/api.w.org\/{rel}","templated":true}]}}