{"id":9757,"date":"2025-12-11T09:30:35","date_gmt":"2025-12-11T09:30:35","guid":{"rendered":"https:\/\/stratum-horst.makkerspreview.nl\/projekte\/"},"modified":"2026-05-12T06:56:37","modified_gmt":"2026-05-12T06:56:37","slug":"projekte","status":"publish","type":"page","link":"https:\/\/stratum-horst.makkerspreview.nl\/de\/projekte\/","title":{"rendered":"Projekte"},"content":{"rendered":"<div class=\"et_pb_section_0 et_pb_section et_section_regular et_flex_section\">\n<div class=\"et_pb_row_0 et_pb_row et_flex_row\">\n<div class=\"et_pb_column_0 et_pb_column et_flex_column et_pb_css_mix_blend_mode_passthrough et_flex_column_2_5 et_flex_column_2_5_tablet et_flex_column_24_24_phone\">\n<div class=\"et_pb_text_0 et_pb_text et_pb_bg_layout_light et_pb_module et_block_module\"><div class=\"et_pb_text_inner\"><h1>Unsere Projekte<\/h1>\n<\/div><\/div>\n<\/div>\n\n<div class=\"et_pb_column_1 et_pb_column et-last-child et_flex_column et_pb_css_mix_blend_mode_passthrough et_flex_column_2_5 et_flex_column_2_5_tablet et_flex_column_24_24_phone\">\n<div class=\"et_pb_text_1 et_pb_text et_pb_bg_layout_light et_pb_module et_block_module\"><div class=\"et_pb_text_inner\"><p>Wenn alles weiterlaufen muss, sind wir da, um es zu regeln. In unseren Projekten sehen Sie, wie das in der Praxis aussieht. Manchmal geht es um eine Notstromversorgung im Gesundheitswesen, manchmal um die komplette Stromversorgung eines Festivals oder um eine hybride L\u00f6sung bei einem Neubauprojekt.<\/p>\n<\/div><\/div>\n<\/div>\n<\/div>\n<\/div>\n\n<div class=\"et_pb_section_1 et_pb_section et_section_regular et_block_section\">\n<div class=\"et_pb_row_1 et_pb_row et_flex_row\">\n<div class=\"et_pb_column_2 et_pb_column et_flex_column et_pb_css_mix_blend_mode_passthrough et_flex_column_12_24 et_flex_column_12_24_tablet et_flex_column_24_24_phone\">\n<div class=\"et_pb_text_2 et_pb_text et_pb_bg_layout_light et_pb_module et_flex_module\"><div class=\"et_pb_text_inner\"><p>Diese Projekte zeigen, wie breit unser Einsatzgebiet ist, aber auch, was immer gleich bleibt: vorausschauend beraten, sorgf\u00e4ltig planen und alles von Anfang bis Ende zuverl\u00e4ssig umsetzen.<\/p>\n<\/div><\/div>\n<\/div>\n\n<div class=\"et_pb_column_3 et_pb_column et-last-child et_flex_column et_pb_css_mix_blend_mode_passthrough et_flex_column_12_24 et_flex_column_12_24_tablet et_flex_column_24_24_phone\">\n<div class=\"et_pb_text_3 et_pb_text et_pb_bg_layout_light et_pb_module et_flex_module\"><div class=\"et_pb_text_inner\"><p>Ob es um das Testen von Notstrom in einem Rechenzentrum geht, um eine effiziente Anbindung an das \u00f6ffentliche Netz oder um eine langj\u00e4hrige Zusammenarbeit mit einem festen Partner: Wir liefern L\u00f6sungen, die zuverl\u00e4ssig funktionieren.<\/p>\n<\/div><\/div>\n<\/div>\n<\/div>\n<\/div>\n\n<div class=\"et_pb_section_2 et_pb_section et_section_regular et_block_section\">\n<div class=\"et_pb_row_2 et_pb_row et_block_row\">\n<div class=\"et_pb_column_4 et_pb_column et_pb_column_4_4 et-last-child et_block_column et_pb_css_mix_blend_mode_passthrough\">\n<div class=\"et_pb_text_4 et_pb_text et_pb_bg_layout_light et_pb_module et_block_module\"><div class=\"et_pb_text_inner\"><h2>Unsere Projekte ansehen<\/h2>\n<p data-start=\"854\" data-end=\"964\">Nachfolgend finden Sie eine Auswahl an Projekten, die wir f\u00fcr unsere Kunden umgesetzt haben:<\/p>\n<\/div><\/div>\n<\/div>\n<\/div>\n<\/div>\n\n<div class=\"et_pb_section_3 et_pb_section et_section_regular et_block_section\">\n<div class=\"et_pb_row_3 et_pb_row et_block_row\">\n<div class=\"et_pb_column_5 et_pb_column et_pb_column_4_4 et-last-child et_block_column et_pb_css_mix_blend_mode_passthrough\">\n<div class=\"et_pb_blog_0 et_pb_blog et_pb_bg_layout_light et_pb_posts et_pb_module blog-strepen\"><div class=\"et_pb_ajax_pagination_container\"><div class=\"et_pb_posts et_grid_module\"><article class=\"et_pb_post et_pb_post_id_9952 clearfix et_pb_blog_item_0_0 post-9952 post type-post status-publish format-standard has-post-thumbnail hentry category-industrie\"><div class=\"et_pb_image_container\"><a href=\"https:\/\/stratum-horst.makkerspreview.nl\/de\/testanlage-fuer-maschinenbauer\/\" class=\"entry-featured-image-url\"><img loading=\"lazy\" decoding=\"async\" src=\"https:\/\/stratum-horst.makkerspreview.nl\/wp-content\/uploads\/2026\/02\/van-stratum-horst-verhuur-loadbank-Froment-3.webp\" width=\"400\" height=\"284\" alt=\"Testanlage f\u00fcr Maschinenbauer\" class=\"\" srcset=\"https:\/\/stratum-horst.makkerspreview.nl\/wp-content\/uploads\/2026\/02\/van-stratum-horst-verhuur-loadbank-Froment-3.webp 479w, https:\/\/stratum-horst.makkerspreview.nl\/wp-content\/uploads\/2026\/02\/van-stratum-horst-verhuur-loadbank-Froment-3-400x284.webp 480w\" sizes=\"(max-width:479px) 479px, 100vw\" \/><span data-icon=\"\ue050\" class=\"et_overlay et_pb_inline_icon\"><\/span><\/a><\/div><h2 class=\"entry-title\"><a href=\"https:\/\/stratum-horst.makkerspreview.nl\/de\/testanlage-fuer-maschinenbauer\/\">Testanlage f\u00fcr Maschinenbauer<\/a><\/h2><p class=\"post-meta\"><\/p><div class=\"post-content\"><div class=\"post-content-inner\"><p>Wir liefern tempor\u00e4re Testanlagen, mit denen Maschinen unter verschiedenen Spannungen und Netzfrequenzen gepr\u00fcft werden k\u00f6nnen.<\/p>\n<\/div><a href=\"https:\/\/stratum-horst.makkerspreview.nl\/de\/testanlage-fuer-maschinenbauer\/\" class=\"more-link\">mehr lesen...<\/a><\/div><\/article><article class=\"et_pb_post et_pb_post_id_9954 clearfix et_pb_blog_item_0_1 post-9954 post type-post status-publish format-standard has-post-thumbnail hentry category-industrie\"><div class=\"et_pb_image_container\"><a href=\"https:\/\/stratum-horst.makkerspreview.nl\/de\/temporaere-stromversorgung-fuer-einen-kompostverarbeiter\/\" class=\"entry-featured-image-url\"><img loading=\"lazy\" decoding=\"async\" src=\"https:\/\/stratum-horst.makkerspreview.nl\/wp-content\/uploads\/2026\/02\/20240405_104223.webp\" width=\"400\" height=\"284\" alt=\"Tempor\u00e4re Stromversorgung f\u00fcr einen Kompostverarbeiter\" class=\"\" srcset=\"https:\/\/stratum-horst.makkerspreview.nl\/wp-content\/uploads\/2026\/02\/20240405_104223.webp 479w, https:\/\/stratum-horst.makkerspreview.nl\/wp-content\/uploads\/2026\/02\/20240405_104223-400x284.webp 480w\" sizes=\"(max-width:479px) 479px, 100vw\" \/><span data-icon=\"\ue050\" class=\"et_overlay et_pb_inline_icon\"><\/span><\/a><\/div><h2 class=\"entry-title\"><a href=\"https:\/\/stratum-horst.makkerspreview.nl\/de\/temporaere-stromversorgung-fuer-einen-kompostverarbeiter\/\">Tempor\u00e4re Stromversorgung f\u00fcr einen Kompostverarbeiter<\/a><\/h2><p class=\"post-meta\"><\/p><div class=\"post-content\"><div class=\"post-content-inner\"><p>Seit \u00fcber 15 Jahren versorgen wir einen Kompostverarbeiter bei Wartungsarbeiten oder zus\u00e4tzlichem Leistungsbedarf zuverl\u00e4ssig mit tempor\u00e4rem Strom.<\/p>\n<\/div><a href=\"https:\/\/stratum-horst.makkerspreview.nl\/de\/temporaere-stromversorgung-fuer-einen-kompostverarbeiter\/\" class=\"more-link\">mehr lesen...<\/a><\/div><\/article><article class=\"et_pb_post et_pb_post_id_9956 clearfix et_pb_blog_item_0_2 post-9956 post type-post status-publish format-standard has-post-thumbnail hentry category-veranstaltungen\"><div class=\"et_pb_image_container\"><a href=\"https:\/\/stratum-horst.makkerspreview.nl\/de\/temporaere-stromversorgung-fuer-eine-kirmes\/\" class=\"entry-featured-image-url\"><img loading=\"lazy\" decoding=\"async\" src=\"https:\/\/stratum-horst.makkerspreview.nl\/wp-content\/uploads\/2026\/02\/IMG_2579.jpg\" width=\"400\" height=\"284\" alt=\"Tempor\u00e4re Stromversorgung f\u00fcr eine Kirmes\" class=\"\" srcset=\"https:\/\/stratum-horst.makkerspreview.nl\/wp-content\/uploads\/2026\/02\/IMG_2579.jpg 479w, https:\/\/stratum-horst.makkerspreview.nl\/wp-content\/uploads\/2026\/02\/IMG_2579-400x284.jpg 480w\" sizes=\"(max-width:479px) 479px, 100vw\" \/><span data-icon=\"\ue050\" class=\"et_overlay et_pb_inline_icon\"><\/span><\/a><\/div><h2 class=\"entry-title\"><a href=\"https:\/\/stratum-horst.makkerspreview.nl\/de\/temporaere-stromversorgung-fuer-eine-kirmes\/\">Tempor\u00e4re Stromversorgung f\u00fcr eine Kirmes<\/a><\/h2><p class=\"post-meta\"><\/p><div class=\"post-content\"><div class=\"post-content-inner\"><p>Seit fast 30 Jahren sorgen wir f\u00fcr eine zuverl\u00e4ssige und effiziente tempor\u00e4re Stromversorgung f\u00fcr eine Kirmes.<\/p>\n<\/div><a href=\"https:\/\/stratum-horst.makkerspreview.nl\/de\/temporaere-stromversorgung-fuer-eine-kirmes\/\" class=\"more-link\">mehr lesen...<\/a><\/div><\/article><article class=\"et_pb_post et_pb_post_id_9958 clearfix et_pb_blog_item_0_3 post-9958 post type-post status-publish format-standard has-post-thumbnail hentry category-industrie\"><div class=\"et_pb_image_container\"><a href=\"https:\/\/stratum-horst.makkerspreview.nl\/de\/pruefung-von-stromaggregaten-in-einem-rechenzentrum-in-berlin\/\" class=\"entry-featured-image-url\"><img loading=\"lazy\" decoding=\"async\" src=\"https:\/\/stratum-horst.makkerspreview.nl\/wp-content\/uploads\/2026\/02\/P1191407-1.jpg\" width=\"400\" height=\"284\" alt=\"Pr\u00fcfung von Stromaggregaten in einem Rechenzentrum in Berlin\" class=\"\" srcset=\"https:\/\/stratum-horst.makkerspreview.nl\/wp-content\/uploads\/2026\/02\/P1191407-1.jpg 479w, https:\/\/stratum-horst.makkerspreview.nl\/wp-content\/uploads\/2026\/02\/P1191407-1-400x284.jpg 480w\" sizes=\"(max-width:479px) 479px, 100vw\" \/><span data-icon=\"\ue050\" class=\"et_overlay et_pb_inline_icon\"><\/span><\/a><\/div><h2 class=\"entry-title\"><a href=\"https:\/\/stratum-horst.makkerspreview.nl\/de\/pruefung-von-stromaggregaten-in-einem-rechenzentrum-in-berlin\/\">Pr\u00fcfung von Stromaggregaten in einem Rechenzentrum in Berlin<\/a><\/h2><p class=\"post-meta\"><\/p><div class=\"post-content\"><div class=\"post-content-inner\"><p>F\u00fcr ein Rechenzentrum in Berlin lieferten wir Loadbanks, um Notstromaggregate vollst\u00e4ndig und zuverl\u00e4ssig zu testen.<\/p>\n<\/div><a href=\"https:\/\/stratum-horst.makkerspreview.nl\/de\/pruefung-von-stromaggregaten-in-einem-rechenzentrum-in-berlin\/\" class=\"more-link\">mehr lesen...<\/a><\/div><\/article><article class=\"et_pb_post et_pb_post_id_9960 clearfix et_pb_blog_item_0_4 post-9960 post type-post status-publish format-standard has-post-thumbnail hentry category-zorg\"><div class=\"et_pb_image_container\"><a href=\"https:\/\/stratum-horst.makkerspreview.nl\/de\/temporaere-netzuebernahme-und-wartung-in-einem-krankenhaus\/\" class=\"entry-featured-image-url\"><img loading=\"lazy\" decoding=\"async\" src=\"https:\/\/stratum-horst.makkerspreview.nl\/wp-content\/uploads\/2025\/12\/DSC04704.webp\" width=\"400\" height=\"284\" alt=\"Tempor\u00e4re Netz\u00fcbernahme und Wartung in einem Krankenhaus\" class=\"\" srcset=\"https:\/\/stratum-horst.makkerspreview.nl\/wp-content\/uploads\/2025\/12\/DSC04704.webp 479w, https:\/\/stratum-horst.makkerspreview.nl\/wp-content\/uploads\/2025\/12\/DSC04704-400x284.webp 480w\" sizes=\"(max-width:479px) 479px, 100vw\" \/><span data-icon=\"\ue050\" class=\"et_overlay et_pb_inline_icon\"><\/span><\/a><\/div><h2 class=\"entry-title\"><a href=\"https:\/\/stratum-horst.makkerspreview.nl\/de\/temporaere-netzuebernahme-und-wartung-in-einem-krankenhaus\/\">Tempor\u00e4re Netz\u00fcbernahme und Wartung in einem Krankenhaus<\/a><\/h2><p class=\"post-meta\"><\/p><div class=\"post-content\"><div class=\"post-content-inner\"><p>In einem Krankenhaus haben wir eine tempor\u00e4re Stromversorgung und Wartungsarbeiten durchgef\u00fchrt, sodass die Notstromversorgung ohne Unterbrechung weiterlief.<\/p>\n<\/div><a href=\"https:\/\/stratum-horst.makkerspreview.nl\/de\/temporaere-netzuebernahme-und-wartung-in-einem-krankenhaus\/\" class=\"more-link\">mehr lesen...<\/a><\/div><\/article><article class=\"et_pb_post et_pb_post_id_9962 clearfix et_pb_blog_item_0_5 post-9962 post type-post status-publish format-standard has-post-thumbnail hentry category-veranstaltungen\"><div class=\"et_pb_image_container\"><a href=\"https:\/\/stratum-horst.makkerspreview.nl\/de\/komplette-stromversorgung-fuer-das-bospop-festival\/\" class=\"entry-featured-image-url\"><img loading=\"lazy\" decoding=\"async\" src=\"https:\/\/stratum-horst.makkerspreview.nl\/wp-content\/uploads\/2026\/02\/20220622_145811.webp\" width=\"400\" height=\"284\" alt=\"Komplette Stromversorgung f\u00fcr das Bospop Festival\" class=\"\" srcset=\"https:\/\/stratum-horst.makkerspreview.nl\/wp-content\/uploads\/2026\/02\/20220622_145811.webp 479w, https:\/\/stratum-horst.makkerspreview.nl\/wp-content\/uploads\/2026\/02\/20220622_145811-400x284.webp 480w\" sizes=\"(max-width:479px) 479px, 100vw\" \/><span data-icon=\"\ue050\" class=\"et_overlay et_pb_inline_icon\"><\/span><\/a><\/div><h2 class=\"entry-title\"><a href=\"https:\/\/stratum-horst.makkerspreview.nl\/de\/komplette-stromversorgung-fuer-das-bospop-festival\/\">Komplette Stromversorgung f\u00fcr das Bospop Festival<\/a><\/h2><p class=\"post-meta\"><\/p><div class=\"post-content\"><div class=\"post-content-inner\"><p>F\u00fcr das Bospop Festival realisierten wir eine nachhaltige, tempor\u00e4re Stromversorgung \u00fcber ein 10-kV-Netz, das an das bestehende Stromnetz angeschlossen war.<\/p>\n<\/div><a href=\"https:\/\/stratum-horst.makkerspreview.nl\/de\/komplette-stromversorgung-fuer-das-bospop-festival\/\" class=\"more-link\">mehr lesen...<\/a><\/div><\/article><article class=\"et_pb_post et_pb_post_id_9964 clearfix et_pb_blog_item_0_6 post-9964 post type-post status-publish format-standard has-post-thumbnail hentry category-offentliche-hand\"><div class=\"et_pb_image_container\"><a href=\"https:\/\/stratum-horst.makkerspreview.nl\/de\/nachhaltige-stromversorgung-fuer-eine-multifunktionale-einrichtung\/\" class=\"entry-featured-image-url\"><img loading=\"lazy\" decoding=\"async\" src=\"https:\/\/stratum-horst.makkerspreview.nl\/wp-content\/uploads\/2025\/11\/491413579_1170254288232826_686320923395016065_n.webp\" width=\"400\" height=\"284\" alt=\"Nachhaltige Stromversorgung f\u00fcr eine multifunktionale Einrichtung\" class=\"\" srcset=\"https:\/\/stratum-horst.makkerspreview.nl\/wp-content\/uploads\/2025\/11\/491413579_1170254288232826_686320923395016065_n.webp 479w, https:\/\/stratum-horst.makkerspreview.nl\/wp-content\/uploads\/2025\/11\/491413579_1170254288232826_686320923395016065_n-400x284.webp 480w\" sizes=\"(max-width:479px) 479px, 100vw\" \/><span data-icon=\"\ue050\" class=\"et_overlay et_pb_inline_icon\"><\/span><\/a><\/div><h2 class=\"entry-title\"><a href=\"https:\/\/stratum-horst.makkerspreview.nl\/de\/nachhaltige-stromversorgung-fuer-eine-multifunktionale-einrichtung\/\">Nachhaltige Stromversorgung f\u00fcr eine multifunktionale Einrichtung<\/a><\/h2><p class=\"post-meta\"><\/p><div class=\"post-content\"><div class=\"post-content-inner\"><p>F\u00fcr eine multifunktionale Einrichtung realisierten wir trotz begrenzter Netzkapazit\u00e4t eine hybride Stromversorgung mit Batterie und Stromaggregat.<\/p>\n<\/div><a href=\"https:\/\/stratum-horst.makkerspreview.nl\/de\/nachhaltige-stromversorgung-fuer-eine-multifunktionale-einrichtung\/\" class=\"more-link\">mehr lesen...<\/a><\/div><\/article><\/div><div class=\"pagination clearfix\">\n\t<div class=\"alignleft\"><\/div>\n\t<div class=\"alignright\"><\/div>\n<\/div><\/div><\/div>\n<\/div>\n<\/div>\n<\/div>\n\n<div class=\"et_pb_section_4 et_pb_section et_section_regular et_block_section\">\n<div class=\"et_pb_row_4 et_pb_row et_flex_row\">\n<div class=\"et_pb_column_6 et_pb_column et_flex_column et_pb_css_mix_blend_mode_passthrough et_flex_column_24_24 et_flex_column_24_24_tablet et_flex_column_24_24_phone\">\n<div class=\"et_pb_text_5 et_pb_text et_pb_bg_layout_light et_pb_module et_flex_module\"><div class=\"et_pb_text_inner\"><h2>Auch Ihr Projekt ist bei uns in guten H\u00e4nden<\/h2>\n<p data-start=\"1688\" data-end=\"1853\">Nehmen Sie Kontakt mit unseren Spezialisten auf und erfahren Sie, wie wir Ihre Stromversorgung zuverl\u00e4ssig und langfristig einsatzbereit gestalten.<\/p>\n<\/div>\n<div class=\"et_pb_row_5 et_pb_row et_pb_row_nested et_flex_row\">\n<div class=\"et_pb_column_7 et_pb_column et_flex_column et_pb_css_mix_blend_mode_passthrough et_flex_column_12_24 et_flex_column_12_24_tablet et_flex_column_24_24_phone\">\n<div class=\"et_pb_module et_pb_button_module_wrapper et_pb_button_0_wrapper\"><a class=\"et_pb_button_0 et_pb_button et_pb_bg_layout_light et_pb_module et_block_module side-by-side-2\" href=\"\/de\/kontakt\/\">Kontakt aufnehmen<\/a><\/div>\n<\/div>\n\n<div class=\"et_pb_column_8 et_pb_column et-last-child et_flex_column et_pb_css_mix_blend_mode_passthrough et_flex_column_12_24 et_flex_column_12_24_tablet et_flex_column_24_24_phone\">\n<div class=\"et_pb_module et_pb_button_module_wrapper et_pb_button_1_wrapper\"><a class=\"et_pb_button_1 et_pb_button et_pb_bg_layout_light et_pb_module et_block_module side-by-side-2\" href=\"tel:31773981769\" target=\"_blank\" data-icon=\"\uf879\">+31 (0) 77 398 1769<\/a><\/div>\n<\/div>\n<\/div>\n<\/div>\n<\/div>\n\n<div class=\"et_pb_column_9 et_pb_column et-last-child et_flex_column et_pb_css_mix_blend_mode_passthrough et_flex_column_24_24 et_flex_column_24_24_tablet et_flex_column_24_24_phone\">\n<div class=\"et_pb_blurb_0 et_pb_blurb et_pb_bg_layout_light et_pb_blurb_position_left et_pb_module et_block_module\"><div class=\"et_pb_blurb_content\"><div class=\"et_pb_main_blurb_image\"><span class=\"et_pb_image_wrap\"><span class=\"et-pb-icon et-waypoint et_pb_animation_top et_pb_animation_top_tablet et_pb_animation_top_phone\">\uf00c<\/span><\/span><\/div><div class=\"et_pb_blurb_container\"><h4 class=\"et_pb_module_header\">Von der Planung bis zur Umsetzung aus einer Hand<\/h4><\/div><\/div><\/div>\n\n<div class=\"et_pb_blurb_1 et_pb_blurb et_pb_bg_layout_light et_pb_blurb_position_left et_pb_module et_block_module\"><div class=\"et_pb_blurb_content\"><div class=\"et_pb_main_blurb_image\"><span class=\"et_pb_image_wrap\"><span class=\"et-pb-icon et-waypoint et_pb_animation_top et_pb_animation_top_tablet et_pb_animation_top_phone\">\uf00c<\/span><\/span><\/div><div class=\"et_pb_blurb_container\"><h4 class=\"et_pb_module_header\">Flexibel und individuell abgestimmt<\/h4><\/div><\/div><\/div>\n\n<div class=\"et_pb_blurb_2 et_pb_blurb et_pb_bg_layout_light et_pb_blurb_position_left et_pb_module et_block_module\"><div class=\"et_pb_blurb_content\"><div class=\"et_pb_main_blurb_image\"><span class=\"et_pb_image_wrap\"><span class=\"et-pb-icon et-waypoint et_pb_animation_top et_pb_animation_top_tablet et_pb_animation_top_phone\">\uf00c<\/span><\/span><\/div><div class=\"et_pb_blurb_container\"><h4 class=\"et_pb_module_header\">Gepr\u00e4gt von Fachkompetenz und hochwertiger Technik<\/h4><\/div><\/div><\/div>\n<\/div>\n<\/div>\n<\/div>","protected":false},"excerpt":{"rendered":"","protected":false},"author":2,"featured_media":0,"parent":0,"menu_order":0,"comment_status":"closed","ping_status":"closed","template":"","meta":{"footnotes":""},"class_list":["post-9757","page","type-page","status-publish","hentry"],"yoast_head":"<!-- This site is optimized with the Yoast SEO plugin v27.6 - https:\/\/yoast.com\/product\/yoast-seo-wordpress\/ -->\n<title>Projekte - Van Stratum<\/title>\n<meta name=\"robots\" content=\"noindex, follow, max-snippet:-1, max-image-preview:large, max-video-preview:-1\" \/>\n<meta property=\"og:locale\" content=\"de_DE\" \/>\n<meta property=\"og:type\" content=\"article\" \/>\n<meta property=\"og:title\" content=\"Projekte - Van Stratum\" \/>\n<meta property=\"og:url\" content=\"https:\/\/stratum-horst.makkerspreview.nl\/projecten\/\" \/>\n<meta property=\"og:site_name\" content=\"Van Stratum\" \/>\n<meta property=\"article:publisher\" content=\"https:\/\/www.facebook.com\/VanStratumHorst\/\" \/>\n<meta property=\"article:modified_time\" content=\"2026-05-12T06:56:37+00:00\" \/>\n<meta name=\"twitter:card\" content=\"summary_large_image\" \/>\n<script type=\"application\/ld+json\" class=\"yoast-schema-graph\">{\"@context\":\"https:\\\/\\\/schema.org\",\"@graph\":[{\"@type\":\"WebPage\",\"@id\":\"https:\\\/\\\/stratum-horst.makkerspreview.nl\\\/projecten\\\/\",\"url\":\"https:\\\/\\\/stratum-horst.makkerspreview.nl\\\/projecten\\\/\",\"name\":\"Projekte - Van Stratum\",\"isPartOf\":{\"@id\":\"https:\\\/\\\/stratum-horst.makkerspreview.nl\\\/en\\\/#website\"},\"datePublished\":\"2025-12-11T09:30:35+00:00\",\"dateModified\":\"2026-05-12T06:56:37+00:00\",\"breadcrumb\":{\"@id\":\"https:\\\/\\\/stratum-horst.makkerspreview.nl\\\/projecten\\\/#breadcrumb\"},\"inLanguage\":\"de\",\"potentialAction\":[{\"@type\":\"ReadAction\",\"target\":[\"https:\\\/\\\/stratum-horst.makkerspreview.nl\\\/projecten\\\/\"]}]},{\"@type\":\"BreadcrumbList\",\"@id\":\"https:\\\/\\\/stratum-horst.makkerspreview.nl\\\/projecten\\\/#breadcrumb\",\"itemListElement\":[{\"@type\":\"ListItem\",\"position\":1,\"name\":\"Home\",\"item\":\"https:\\\/\\\/stratum-horst.makkerspreview.nl\\\/de\\\/\"},{\"@type\":\"ListItem\",\"position\":2,\"name\":\"Projekte\"}]},{\"@type\":\"WebSite\",\"@id\":\"https:\\\/\\\/stratum-horst.makkerspreview.nl\\\/en\\\/#website\",\"url\":\"https:\\\/\\\/stratum-horst.makkerspreview.nl\\\/en\\\/\",\"name\":\"Van Stratum\",\"description\":\"\",\"publisher\":{\"@id\":\"https:\\\/\\\/stratum-horst.makkerspreview.nl\\\/en\\\/#organization\"},\"potentialAction\":[{\"@type\":\"SearchAction\",\"target\":{\"@type\":\"EntryPoint\",\"urlTemplate\":\"https:\\\/\\\/stratum-horst.makkerspreview.nl\\\/en\\\/?s={search_term_string}\"},\"query-input\":{\"@type\":\"PropertyValueSpecification\",\"valueRequired\":true,\"valueName\":\"search_term_string\"}}],\"inLanguage\":\"de\"},{\"@type\":\"Organization\",\"@id\":\"https:\\\/\\\/stratum-horst.makkerspreview.nl\\\/en\\\/#organization\",\"name\":\"Van Stratum\",\"url\":\"https:\\\/\\\/stratum-horst.makkerspreview.nl\\\/en\\\/\",\"logo\":{\"@type\":\"ImageObject\",\"inLanguage\":\"de\",\"@id\":\"https:\\\/\\\/stratum-horst.makkerspreview.nl\\\/en\\\/#\\\/schema\\\/logo\\\/image\\\/\",\"url\":\"https:\\\/\\\/stratum-horst.makkerspreview.nl\\\/wp-content\\\/uploads\\\/2026\\\/03\\\/Logo-van-Stratum-Horst.png\",\"contentUrl\":\"https:\\\/\\\/stratum-horst.makkerspreview.nl\\\/wp-content\\\/uploads\\\/2026\\\/03\\\/Logo-van-Stratum-Horst.png\",\"width\":689,\"height\":176,\"caption\":\"Van Stratum\"},\"image\":{\"@id\":\"https:\\\/\\\/stratum-horst.makkerspreview.nl\\\/en\\\/#\\\/schema\\\/logo\\\/image\\\/\"},\"sameAs\":[\"https:\\\/\\\/www.facebook.com\\\/VanStratumHorst\\\/\",\"https:\\\/\\\/www.instagram.com\\\/vanstratumhorst\\\/\"]}]}<\/script>\n<!-- \/ Yoast SEO plugin. -->","yoast_head_json":{"title":"Projekte - Van Stratum","robots":{"index":"noindex","follow":"follow","max-snippet":"max-snippet:-1","max-image-preview":"max-image-preview:large","max-video-preview":"max-video-preview:-1"},"og_locale":"de_DE","og_type":"article","og_title":"Projekte - Van Stratum","og_url":"https:\/\/stratum-horst.makkerspreview.nl\/projecten\/","og_site_name":"Van Stratum","article_publisher":"https:\/\/www.facebook.com\/VanStratumHorst\/","article_modified_time":"2026-05-12T06:56:37+00:00","twitter_card":"summary_large_image","schema":{"@context":"https:\/\/schema.org","@graph":[{"@type":"WebPage","@id":"https:\/\/stratum-horst.makkerspreview.nl\/projecten\/","url":"https:\/\/stratum-horst.makkerspreview.nl\/projecten\/","name":"Projekte - Van Stratum","isPartOf":{"@id":"https:\/\/stratum-horst.makkerspreview.nl\/en\/#website"},"datePublished":"2025-12-11T09:30:35+00:00","dateModified":"2026-05-12T06:56:37+00:00","breadcrumb":{"@id":"https:\/\/stratum-horst.makkerspreview.nl\/projecten\/#breadcrumb"},"inLanguage":"de","potentialAction":[{"@type":"ReadAction","target":["https:\/\/stratum-horst.makkerspreview.nl\/projecten\/"]}]},{"@type":"BreadcrumbList","@id":"https:\/\/stratum-horst.makkerspreview.nl\/projecten\/#breadcrumb","itemListElement":[{"@type":"ListItem","position":1,"name":"Home","item":"https:\/\/stratum-horst.makkerspreview.nl\/de\/"},{"@type":"ListItem","position":2,"name":"Projekte"}]},{"@type":"WebSite","@id":"https:\/\/stratum-horst.makkerspreview.nl\/en\/#website","url":"https:\/\/stratum-horst.makkerspreview.nl\/en\/","name":"Van Stratum","description":"","publisher":{"@id":"https:\/\/stratum-horst.makkerspreview.nl\/en\/#organization"},"potentialAction":[{"@type":"SearchAction","target":{"@type":"EntryPoint","urlTemplate":"https:\/\/stratum-horst.makkerspreview.nl\/en\/?s={search_term_string}"},"query-input":{"@type":"PropertyValueSpecification","valueRequired":true,"valueName":"search_term_string"}}],"inLanguage":"de"},{"@type":"Organization","@id":"https:\/\/stratum-horst.makkerspreview.nl\/en\/#organization","name":"Van Stratum","url":"https:\/\/stratum-horst.makkerspreview.nl\/en\/","logo":{"@type":"ImageObject","inLanguage":"de","@id":"https:\/\/stratum-horst.makkerspreview.nl\/en\/#\/schema\/logo\/image\/","url":"https:\/\/stratum-horst.makkerspreview.nl\/wp-content\/uploads\/2026\/03\/Logo-van-Stratum-Horst.png","contentUrl":"https:\/\/stratum-horst.makkerspreview.nl\/wp-content\/uploads\/2026\/03\/Logo-van-Stratum-Horst.png","width":689,"height":176,"caption":"Van Stratum"},"image":{"@id":"https:\/\/stratum-horst.makkerspreview.nl\/en\/#\/schema\/logo\/image\/"},"sameAs":["https:\/\/www.facebook.com\/VanStratumHorst\/","https:\/\/www.instagram.com\/vanstratumhorst\/"]}]}},"_links":{"self":[{"href":"https:\/\/stratum-horst.makkerspreview.nl\/de\/wp-json\/wp\/v2\/pages\/9757","targetHints":{"allow":["GET"]}}],"collection":[{"href":"https:\/\/stratum-horst.makkerspreview.nl\/de\/wp-json\/wp\/v2\/pages"}],"about":[{"href":"https:\/\/stratum-horst.makkerspreview.nl\/de\/wp-json\/wp\/v2\/types\/page"}],"author":[{"embeddable":true,"href":"https:\/\/stratum-horst.makkerspreview.nl\/de\/wp-json\/wp\/v2\/users\/2"}],"replies":[{"embeddable":true,"href":"https:\/\/stratum-horst.makkerspreview.nl\/de\/wp-json\/wp\/v2\/comments?post=9757"}],"version-history":[{"count":5,"href":"https:\/\/stratum-horst.makkerspreview.nl\/de\/wp-json\/wp\/v2\/pages\/9757\/revisions"}],"predecessor-version":[{"id":10187,"href":"https:\/\/stratum-horst.makkerspreview.nl\/de\/wp-json\/wp\/v2\/pages\/9757\/revisions\/10187"}],"wp:attachment":[{"href":"https:\/\/stratum-horst.makkerspreview.nl\/de\/wp-json\/wp\/v2\/media?parent=9757"}],"curies":[{"name":"wp","href":"https:\/\/api.w.org\/{rel}","templated":true}]}}